{"id":109,"date":"2018-02-14T20:59:32","date_gmt":"2018-02-14T19:59:32","guid":{"rendered":"http:\/\/eveil-sylvainmeyer.fr\/?page_id=109"},"modified":"2023-09-27T18:09:10","modified_gmt":"2023-09-27T16:09:10","slug":"soins-energetiques-et-bien-etre-au-quotidien","status":"publish","type":"page","link":"https:\/\/eveil-sylvainmeyer.fr\/index.php\/soins-energetiques-et-bien-etre-au-quotidien\/","title":{"rendered":"BIEN-ETRE AU QUOTIDIEN"},"content":{"rendered":"\n<p><\/p>\n\n\n\n<p class=\"has-text-align-center has-light-pink-background-color has-text-color has-background\" style=\"color:#72198e;font-size:26px\"><strong>SEANCE INDIVIDUELLE<\/strong><\/p>\n\n\n\n<p class=\"has-text-color\" style=\"color:#070000\">Sur rendez-vous uniquement. Prise en charge par certaines mutuelles.<\/p>\n\n\n\n<p class=\"has-text-color\" style=\"color:#070000\">En pr\u00e9vention et dans les cas de troubles physiques, \u00e9motionnels ou scolaires, des techniques adapt\u00e9es vous permettent de retrouver assurance et bien-\u00eatre.<\/p>\n\n\n\n<p><\/p>\n\n\n\n<p class=\"has-text-align-center has-light-pink-background-color has-text-color has-background\" style=\"color:#72198e;font-size:26px\"><strong>ENERGIE DES LIEUX DE VIE<\/strong><\/p>\n\n\n\n<p><\/p>\n\n\n\n<p class=\"has-text-align-center has-text-color\" style=\"color:#070000\">Radiesth\u00e9sie \/ G\u00e9obiologie<\/p>\n\n\n\n<p class=\"has-text-color\" style=\"color:#070000\">Etude et harmonisation de terrains, de maisons ou d&rsquo;espaces animaliers.<\/p>\n\n\n\n<p class=\"has-text-color\" style=\"color:#070000\">L&rsquo;\u00e9tude pour comprendre ce qui ne se voit pas et l&rsquo;harmonisation pour agir sur les d\u00e9s\u00e9quilibres qui influencent l&rsquo;\u00e9tat de sant\u00e9, le sommeil, les humeurs&#8230;<\/p>\n\n\n\n<p><\/p>\n\n\n\n<p class=\"has-text-align-center has-light-pink-background-color has-text-color has-background\" style=\"color:#72198e;font-size:26px\"><strong>PIERRES ET MINERAUX<\/strong><\/p>\n\n\n\n<p class=\"has-text-color\" style=\"color:#070000\">Pour votre bien-\u00eatre ou votre plaisir, un grand choix de pierres et min\u00e9raux est disponible \u00e0 la vente dans mon magasin. <\/p>\n\n\n\n<p class=\"has-text-color\" style=\"color:#070000\">Gr\u00e2ce \u00e0 mes connaissances et pratiques en lithoth\u00e9rapie, je r\u00e9pondrais \u00e0 vos attentes de fa\u00e7on personnalis\u00e9e.<\/p>\n\n\n\n<p class=\"has-text-color\" style=\"color:#070000\">Uniquement sur rendez-vous<\/p>\n","protected":false},"excerpt":{"rendered":"<p>SEANCE INDIVIDUELLE Sur rendez-vous uniquement. Prise en charge par certaines mutuelles. En pr\u00e9vention et dans les cas de troubles physiques, \u00e9motionnels ou scolaires, des techniques adapt\u00e9es vous permettent de retrouver assurance et bien-\u00eatre. ENERGIE DES LIEUX DE VIE Radiesth\u00e9sie \/ G\u00e9obiologie Etude et harmonisation de terrains, de maisons ou d&rsquo;espaces animaliers. L&rsquo;\u00e9tude pour comprendre ce &hellip; <a href=\"https:\/\/eveil-sylvainmeyer.fr\/index.php\/soins-energetiques-et-bien-etre-au-quotidien\/\" class=\"more-link\">Continuer la lecture de <span class=\"screen-reader-text\">BIEN-ETRE AU QUOTIDIEN<\/span><\/a><\/p>\n","protected":false},"author":2,"featured_media":0,"parent":0,"menu_order":25,"comment_status":"closed","ping_status":"closed","template":"","meta":{"footnotes":""},"class_list":["post-109","page","type-page","status-publish","hentry"],"_links":{"self":[{"href":"https:\/\/eveil-sylvainmeyer.fr\/index.php\/wp-json\/wp\/v2\/pages\/109","targetHints":{"allow":["GET"]}}],"collection":[{"href":"https:\/\/eveil-sylvainmeyer.fr\/index.php\/wp-json\/wp\/v2\/pages"}],"about":[{"href":"https:\/\/eveil-sylvainmeyer.fr\/index.php\/wp-json\/wp\/v2\/types\/page"}],"author":[{"embeddable":true,"href":"https:\/\/eveil-sylvainmeyer.fr\/index.php\/wp-json\/wp\/v2\/users\/2"}],"replies":[{"embeddable":true,"href":"https:\/\/eveil-sylvainmeyer.fr\/index.php\/wp-json\/wp\/v2\/comments?post=109"}],"version-history":[{"count":21,"href":"https:\/\/eveil-sylvainmeyer.fr\/index.php\/wp-json\/wp\/v2\/pages\/109\/revisions"}],"predecessor-version":[{"id":2615,"href":"https:\/\/eveil-sylvainmeyer.fr\/index.php\/wp-json\/wp\/v2\/pages\/109\/revisions\/2615"}],"wp:attachment":[{"href":"https:\/\/eveil-sylvainmeyer.fr\/index.php\/wp-json\/wp\/v2\/media?parent=109"}],"curies":[{"name":"wp","href":"https:\/\/api.w.org\/{rel}","templated":true}]}}