{"id":133,"date":"2018-02-15T12:05:13","date_gmt":"2018-02-15T11:05:13","guid":{"rendered":"http:\/\/eveil-sylvainmeyer.fr\/?page_id=133"},"modified":"2023-09-27T18:33:51","modified_gmt":"2023-09-27T16:33:51","slug":"pierres-et-mineraux-le-magasin","status":"publish","type":"page","link":"https:\/\/eveil-sylvainmeyer.fr\/index.php\/pierres-et-mineraux-le-magasin\/","title":{"rendered":"MAGASIN DE PIERRES ET MINERAUX"},"content":{"rendered":"\n<p class=\"has-text-align-center has-text-color\" style=\"color:#72198e;font-size:26px\">Un des plus grand choix de min\u00e9raux dans la r\u00e9gion<\/p>\n\n\n\n<p class=\"has-text-align-center has-text-color\" style=\"color:#72198e;font-size:18px\">Et avec plus de 21 ans d&rsquo;exp\u00e9rience vous aurez des conseils professionnels et personnalis\u00e9s <\/p>\n\n\n\n<p class=\"has-text-align-center has-text-color\" style=\"color:#72198e;font-size:18px\"><span style=\"font-size: 18pt; color: #ff0000;\"><strong><span style=\"color: #ff6600;\"><\/span><span style=\"color: #ff6600;\"><\/span><span style=\"color: #ff6600;\"><\/span><span style=\"color: #ff6600;\"><\/span><span style=\"color: #ff6600;\"><\/span><\/strong><\/span><span style=\"font-size: 14pt; color: #0000ff;\"><\/span><span style=\"font-size: 14pt; color: #0000ff;\"><\/span><strong><span style=\"color: #0000ff; font-size: 14pt;\"><\/span><\/strong>Uniquement sur rendez-vous<\/p>\n\n\n<div class=\"wp-block-image size-medium wp-image-147\">\n<figure class=\"alignleft is-resized\"><img loading=\"lazy\" decoding=\"async\" src=\"http:\/\/eveil-sylvainmeyer.fr\/wp-content\/uploads\/2018\/02\/P0000033-225x300.jpg\" alt=\"\" class=\"wp-image-147\" style=\"width:185px;height:247px\" width=\"185\" height=\"247\" srcset=\"https:\/\/eveil-sylvainmeyer.fr\/wp-content\/uploads\/2018\/02\/P0000033-225x300.jpg 225w, https:\/\/eveil-sylvainmeyer.fr\/wp-content\/uploads\/2018\/02\/P0000033-768x1024.jpg 768w\" sizes=\"auto, (max-width: 185px) 100vw, 185px\" \/><figcaption class=\"wp-element-caption\"><span style=\"color: #0000ff;\">&nbsp;<\/span><\/figcaption><\/figure>\n<\/div>\n\n<div class=\"wp-block-image\">\n<figure class=\"alignright is-resized\"><img loading=\"lazy\" decoding=\"async\" src=\"http:\/\/eveil-sylvainmeyer.fr\/wp-content\/uploads\/2018\/02\/P0000439-300x225.jpg\" alt=\"\" class=\"wp-image-142\" style=\"width:300px;height:225px\" width=\"300\" height=\"225\" srcset=\"https:\/\/eveil-sylvainmeyer.fr\/wp-content\/uploads\/2018\/02\/P0000439-300x225.jpg 300w, https:\/\/eveil-sylvainmeyer.fr\/wp-content\/uploads\/2018\/02\/P0000439-768x576.jpg 768w, https:\/\/eveil-sylvainmeyer.fr\/wp-content\/uploads\/2018\/02\/P0000439-1024x768.jpg 1024w\" sizes=\"auto, (max-width: 300px) 100vw, 300px\" \/><\/figure>\n<\/div>\n\n<div class=\"wp-block-image\">\n<figure class=\"alignleft\"><img loading=\"lazy\" decoding=\"async\" width=\"300\" height=\"225\" src=\"http:\/\/eveil-sylvainmeyer.fr\/wp-content\/uploads\/2018\/02\/P0000436-300x225.jpg\" alt=\"\" class=\"wp-image-139\" srcset=\"https:\/\/eveil-sylvainmeyer.fr\/wp-content\/uploads\/2018\/02\/P0000436-300x225.jpg 300w, https:\/\/eveil-sylvainmeyer.fr\/wp-content\/uploads\/2018\/02\/P0000436-768x576.jpg 768w, https:\/\/eveil-sylvainmeyer.fr\/wp-content\/uploads\/2018\/02\/P0000436-1024x768.jpg 1024w\" sizes=\"auto, (max-width: 300px) 100vw, 300px\" \/><\/figure>\n<\/div>\n\n\n<p class=\"has-text-align-center\"><\/p>\n\n\n<div class=\"wp-block-image\">\n<figure class=\"alignleft\"><img loading=\"lazy\" decoding=\"async\" width=\"300\" height=\"225\" src=\"http:\/\/eveil-sylvainmeyer.fr\/wp-content\/uploads\/2018\/02\/P0000435-300x225.jpg\" alt=\"\" class=\"wp-image-138\" srcset=\"https:\/\/eveil-sylvainmeyer.fr\/wp-content\/uploads\/2018\/02\/P0000435-300x225.jpg 300w, https:\/\/eveil-sylvainmeyer.fr\/wp-content\/uploads\/2018\/02\/P0000435-768x576.jpg 768w, https:\/\/eveil-sylvainmeyer.fr\/wp-content\/uploads\/2018\/02\/P0000435-1024x768.jpg 1024w\" sizes=\"auto, (max-width: 300px) 100vw, 300px\" \/><\/figure>\n<\/div>\n\n\n<p class=\"has-text-align-center\"><\/p>\n\n\n<div class=\"wp-block-image\">\n<figure class=\"alignleft\"><img loading=\"lazy\" decoding=\"async\" width=\"300\" height=\"225\" src=\"http:\/\/eveil-sylvainmeyer.fr\/wp-content\/uploads\/2018\/02\/P0000438-300x225.jpg\" alt=\"\" class=\"wp-image-141\" srcset=\"https:\/\/eveil-sylvainmeyer.fr\/wp-content\/uploads\/2018\/02\/P0000438-300x225.jpg 300w, https:\/\/eveil-sylvainmeyer.fr\/wp-content\/uploads\/2018\/02\/P0000438-768x576.jpg 768w, https:\/\/eveil-sylvainmeyer.fr\/wp-content\/uploads\/2018\/02\/P0000438-1024x768.jpg 1024w\" sizes=\"auto, (max-width: 300px) 100vw, 300px\" \/><\/figure>\n<\/div>\n\n\n<p class=\"has-text-align-center\"><\/p>\n\n\n<div class=\"wp-block-image\">\n<figure class=\"aligncenter\"><img loading=\"lazy\" decoding=\"async\" width=\"300\" height=\"225\" src=\"http:\/\/eveil-sylvainmeyer.fr\/wp-content\/uploads\/2018\/02\/P0000443-300x225.jpg\" alt=\"\" class=\"wp-image-146\" srcset=\"https:\/\/eveil-sylvainmeyer.fr\/wp-content\/uploads\/2018\/02\/P0000443-300x225.jpg 300w, https:\/\/eveil-sylvainmeyer.fr\/wp-content\/uploads\/2018\/02\/P0000443-768x576.jpg 768w, https:\/\/eveil-sylvainmeyer.fr\/wp-content\/uploads\/2018\/02\/P0000443-1024x768.jpg 1024w\" sizes=\"auto, (max-width: 300px) 100vw, 300px\" \/><\/figure>\n<\/div>\n\n\n<p class=\"has-text-align-center\"><span style=\"font-family: 'Arial',sans-serif; color: red;\"><\/span><span style=\"font-family: 'Arial',sans-serif; color: red;\"><\/span><\/p>\n","protected":false},"excerpt":{"rendered":"<p>Un des plus grand choix de min\u00e9raux dans la r\u00e9gion Et avec plus de 21 ans d&rsquo;exp\u00e9rience vous aurez des conseils professionnels et personnalis\u00e9s Uniquement sur rendez-vous<\/p>\n","protected":false},"author":2,"featured_media":147,"parent":0,"menu_order":50,"comment_status":"closed","ping_status":"closed","template":"","meta":{"footnotes":""},"class_list":["post-133","page","type-page","status-publish","has-post-thumbnail","hentry"],"_links":{"self":[{"href":"https:\/\/eveil-sylvainmeyer.fr\/index.php\/wp-json\/wp\/v2\/pages\/133","targetHints":{"allow":["GET"]}}],"collection":[{"href":"https:\/\/eveil-sylvainmeyer.fr\/index.php\/wp-json\/wp\/v2\/pages"}],"about":[{"href":"https:\/\/eveil-sylvainmeyer.fr\/index.php\/wp-json\/wp\/v2\/types\/page"}],"author":[{"embeddable":true,"href":"https:\/\/eveil-sylvainmeyer.fr\/index.php\/wp-json\/wp\/v2\/users\/2"}],"replies":[{"embeddable":true,"href":"https:\/\/eveil-sylvainmeyer.fr\/index.php\/wp-json\/wp\/v2\/comments?post=133"}],"version-history":[{"count":35,"href":"https:\/\/eveil-sylvainmeyer.fr\/index.php\/wp-json\/wp\/v2\/pages\/133\/revisions"}],"predecessor-version":[{"id":2636,"href":"https:\/\/eveil-sylvainmeyer.fr\/index.php\/wp-json\/wp\/v2\/pages\/133\/revisions\/2636"}],"wp:featuredmedia":[{"embeddable":true,"href":"https:\/\/eveil-sylvainmeyer.fr\/index.php\/wp-json\/wp\/v2\/media\/147"}],"wp:attachment":[{"href":"https:\/\/eveil-sylvainmeyer.fr\/index.php\/wp-json\/wp\/v2\/media?parent=133"}],"curies":[{"name":"wp","href":"https:\/\/api.w.org\/{rel}","templated":true}]}}