{"id":158,"date":"2018-02-15T18:29:29","date_gmt":"2018-02-15T17:29:29","guid":{"rendered":"http:\/\/eveil-sylvainmeyer.fr\/?page_id=158"},"modified":"2025-02-24T20:04:34","modified_gmt":"2025-02-24T19:04:34","slug":"les-formations","status":"publish","type":"page","link":"https:\/\/eveil-sylvainmeyer.fr\/index.php\/les-formations\/","title":{"rendered":"LES FORMATIONS"},"content":{"rendered":"<div class=\"wp-block-image\">\n<figure class=\"aligncenter size-large\"><img loading=\"lazy\" decoding=\"async\" width=\"1024\" height=\"682\" src=\"https:\/\/eveil-sylvainmeyer.fr\/wp-content\/uploads\/2023\/04\/trees-g53a4083af_1920-1024x682.jpg\" alt=\"\" class=\"wp-image-2359\" srcset=\"https:\/\/eveil-sylvainmeyer.fr\/wp-content\/uploads\/2023\/04\/trees-g53a4083af_1920-1024x682.jpg 1024w, https:\/\/eveil-sylvainmeyer.fr\/wp-content\/uploads\/2023\/04\/trees-g53a4083af_1920-300x200.jpg 300w, https:\/\/eveil-sylvainmeyer.fr\/wp-content\/uploads\/2023\/04\/trees-g53a4083af_1920-768x511.jpg 768w, https:\/\/eveil-sylvainmeyer.fr\/wp-content\/uploads\/2023\/04\/trees-g53a4083af_1920-1536x1022.jpg 1536w, https:\/\/eveil-sylvainmeyer.fr\/wp-content\/uploads\/2023\/04\/trees-g53a4083af_1920.jpg 1920w\" sizes=\"auto, (max-width: 1024px) 100vw, 1024px\" \/><\/figure>\n<\/div>\n\n\n<p class=\"has-text-align-center has-text-color has-large-font-size\" style=\"color:#72198e\">LES FORMATIONS<\/p>\n\n\n\n<p class=\"has-text-color has-link-color wp-elements-2cb4433a0f32a3e209229904f24319bf\" style=\"color:#72198e\"><strong>Les techniques \u00e9nerg\u00e9tiques  \u00ab\u00a0avec les mains\u00a0\u00bb ou \u00ab\u00a0avec les min\u00e9raux\u00a0\u00bb peuvent \u00eatre utilis\u00e9s sur les personnes et les animaux.<\/strong><\/p>\n\n\n\n<p class=\"has-light-pink-background-color has-text-color has-background\" style=\"color:#070000\">Accessibles \u00e0 toutes et \u00e0 tous, les diff\u00e9rents niveaux de formation sont pr\u00e9sent\u00e9s r\u00e9guli\u00e8rement, permettant \u00e0 chaque personne d&rsquo;y participer \u00e0 son rythme.<strong><span style=\"color: #ff0000; font-size: 18pt;\"><\/span><\/strong><span style=\"font-family: Arial, Helvetica, sans-serif; font-size: 14pt; color: #0000ff;\"><\/span><\/p>\n\n\n\n<p><\/p>\n\n\n\n<p class=\"has-text-color\" style=\"color:#ed0707\">Plus d&rsquo;informations et tarifs ? Cliquer sur celle qui vous int\u00e9resse<strong><span style=\"color: #ff0000;\"><\/span><\/strong><\/p>\n\n\n\n<p><\/p>\n\n\n\n<p class=\"has-text-align-center has-text-color has-medium-font-size\" style=\"color:#070000;font-style:normal;font-weight:500\"><a href=\"https:\/\/eveil-sylvainmeyer.fr\/index.php\/les-formations\/formation-soins-avec-les-mains\/\">Formations aux techniques \u00e9nerg\u00e9tiques \u00ab\u00a0avec les mains\u00a0\u00bb<\/a><\/p>\n\n\n\n<p class=\"has-text-align-center has-medium-font-size\"><a href=\"https:\/\/eveil-sylvainmeyer.fr\/index.php\/les-formations\/formation-aux-soins-energetique-avec-les-mineraux\/\">Formations aux techniques \u00e9nerg\u00e9tique \u00ab\u00a0avec les min\u00e9raux\u00a0\u00bb<\/a><\/p>\n\n\n\n<p class=\"has-text-align-center has-medium-font-size\"><a href=\"https:\/\/eveil-sylvainmeyer.fr\/index.php\/les-formations\/formations-a-la-radiesthesie-geobiologie\/\" target=\"_blank\" rel=\"noreferrer noopener\">Formations recherche d&rsquo;eau \/ radiesth\u00e9sie \/ g\u00e9obiologie<\/a><\/p>\n\n\n\n<p class=\"has-text-align-center has-medium-font-size\"><a href=\"https:\/\/eveil-sylvainmeyer.fr\/index.php\/journees-angeliques\/\" target=\"_blank\" rel=\"noreferrer noopener\">Journ\u00e9es \u00ab\u00a0Ang\u00e9liques\u00a0\u00bb<\/a><\/p>\n\n\n\n<p class=\"has-text-align-center\"><a href=\"https:\/\/eveil-sylvainmeyer.fr\/index.php\/les-randonnes\/\" target=\"_blank\" rel=\"noreferrer noopener\">STAGE NATURE : RANDONNEE<\/a><\/p>\n\n\n\n<p class=\"has-text-align-center has-medium-font-size\"><a href=\"https:\/\/eveil-sylvainmeyer.fr\/index.php\/apres-une-formation\/\" target=\"_blank\" rel=\"noreferrer noopener\">Et apr\u00e8s les formations ?<\/a><\/p>\n\n\n\n<p class=\"has-text-align-center has-medium-font-size\"><a href=\"http:\/\/eveil-sylvainmeyer.fr\/index.php\/les-formations\/je-minscris-ici-a-une-formation\/\" target=\"_blank\" rel=\"noreferrer noopener\">Je m&rsquo;inscris ici<\/a><\/p>\n\n\n\n<p class=\"has-text-align-center has-medium-font-size\"><a href=\"http:\/\/eveil-sylvainmeyer.fr\/index.php\/informations-utiles\/\" target=\"_blank\" rel=\"noreferrer noopener\">Informations utiles<\/a><span style=\"color: #800080;\"><\/span><\/p>\n","protected":false},"excerpt":{"rendered":"<p>LES FORMATIONS Les techniques \u00e9nerg\u00e9tiques \u00ab\u00a0avec les mains\u00a0\u00bb ou \u00ab\u00a0avec les min\u00e9raux\u00a0\u00bb peuvent \u00eatre utilis\u00e9s sur les personnes et les animaux. Accessibles \u00e0 toutes et \u00e0 tous, les diff\u00e9rents niveaux de formation sont pr\u00e9sent\u00e9s r\u00e9guli\u00e8rement, permettant \u00e0 chaque personne d&rsquo;y participer \u00e0 son rythme. Plus d&rsquo;informations et tarifs ? Cliquer sur celle qui vous int\u00e9resse &hellip; <a href=\"https:\/\/eveil-sylvainmeyer.fr\/index.php\/les-formations\/\" class=\"more-link\">Continuer la lecture de <span class=\"screen-reader-text\">LES FORMATIONS<\/span><\/a><\/p>\n","protected":false},"author":2,"featured_media":0,"parent":0,"menu_order":30,"comment_status":"closed","ping_status":"closed","template":"","meta":{"footnotes":""},"class_list":["post-158","page","type-page","status-publish","hentry"],"_links":{"self":[{"href":"https:\/\/eveil-sylvainmeyer.fr\/index.php\/wp-json\/wp\/v2\/pages\/158","targetHints":{"allow":["GET"]}}],"collection":[{"href":"https:\/\/eveil-sylvainmeyer.fr\/index.php\/wp-json\/wp\/v2\/pages"}],"about":[{"href":"https:\/\/eveil-sylvainmeyer.fr\/index.php\/wp-json\/wp\/v2\/types\/page"}],"author":[{"embeddable":true,"href":"https:\/\/eveil-sylvainmeyer.fr\/index.php\/wp-json\/wp\/v2\/users\/2"}],"replies":[{"embeddable":true,"href":"https:\/\/eveil-sylvainmeyer.fr\/index.php\/wp-json\/wp\/v2\/comments?post=158"}],"version-history":[{"count":84,"href":"https:\/\/eveil-sylvainmeyer.fr\/index.php\/wp-json\/wp\/v2\/pages\/158\/revisions"}],"predecessor-version":[{"id":2797,"href":"https:\/\/eveil-sylvainmeyer.fr\/index.php\/wp-json\/wp\/v2\/pages\/158\/revisions\/2797"}],"wp:attachment":[{"href":"https:\/\/eveil-sylvainmeyer.fr\/index.php\/wp-json\/wp\/v2\/media?parent=158"}],"curies":[{"name":"wp","href":"https:\/\/api.w.org\/{rel}","templated":true}]}}