{"id":176,"date":"2018-02-15T20:16:24","date_gmt":"2018-02-15T19:16:24","guid":{"rendered":"http:\/\/eveil-sylvainmeyer.fr\/?page_id=176"},"modified":"2025-02-24T20:09:00","modified_gmt":"2025-02-24T19:09:00","slug":"formation-soins-avec-les-mains","status":"publish","type":"page","link":"https:\/\/eveil-sylvainmeyer.fr\/index.php\/les-formations\/formation-soins-avec-les-mains\/","title":{"rendered":"FORMATIONS AUX TECHNIQUES ENERGETIQUES AVEC LES MAINS"},"content":{"rendered":"\n<p class=\"has-text-color\" style=\"color:#72198e;font-size:26px\">Formations aux techniques \u00e9nerg\u00e9tiques avec les mains pour l&rsquo;harmonisation du corps et de l&rsquo;esprit<\/p>\n\n\n\n<p class=\"has-text-color has-link-color wp-elements-dc2f95ca0fcbf0498fc4f2a99e3f49b2\" style=\"color:#72198e\"><strong>Ces techniques \u00e9nerg\u00e9tiques peuvent \u00eatre utilis\u00e9s sur les personnes et les animaux.<\/strong><\/p>\n\n\n\n<p>Calendrier, inscription et informations utiles en bas de page.<\/p>\n\n\n\n<p class=\"has-light-pink-background-color has-text-color has-background\" style=\"color:#000000\">Accessibles \u00e0 toutes et \u00e0 tous, les diff\u00e9rents niveaux sont pr\u00e9sent\u00e9s plusieurs fois dans l&rsquo;ann\u00e9e permettant ainsi \u00e0 chaque personne d&rsquo;y participer \u00e0 son rythme.<\/p>\n\n\n\n<p class=\"has-text-color\" style=\"color:#000000\">Cette formation vous permettra d\u2019acqu\u00e9rir des techniques \u00e9nerg\u00e9tiques, de reconsid\u00e9rer la maladie et d&rsquo;apprendre certaines lois r\u00e9gissant la circulation d&rsquo;\u00e9nergie dans le corps. Vous d\u00e9couvrirez, au fur et \u00e0 mesure des journ\u00e9es de stage, diff\u00e9rentes techniques \u00e9nerg\u00e9tiques et allez \u00e9galement mieux vous conna\u00eetre \u00e0 travers les th\u00e9ories et pratiques diverses et ainsi vous lib\u00e9rez de douleurs physiques et\/ou \u00e9motionnelles.<\/p>\n\n\n\n<p class=\"has-text-color\" style=\"color:#000000\">Les mains seront les seuls outils de lib\u00e9ration de la douleur et d&rsquo;\u00e9motions bloqu\u00e9es, de r\u00e9confort et d&rsquo;accompagnement des personnes vivant un mal-\u00eatre. Les bases de cette pratique sont le travail sans toucher et le toucher l\u00e9ger, sans aucune manipulation du corps, ce qui la rend accessible \u00e0 tous, m\u00eame sans connaissance pr\u00e9alable.<\/p>\n\n\n\n<p class=\"has-text-color\" style=\"color:#000000\">Th\u00e9ories et pratiques alterneront lors de ces journ\u00e9es.<\/p>\n\n\n\n<p class=\"has-light-pink-background-color has-text-color has-background\" style=\"color:#72198e\"><strong>Pour qui ?<\/strong><\/p>\n\n\n\n<p class=\"has-text-color\" style=\"color:#000000\">Formations ouvertes \u00e0 partir de 14 ans, avec ou sans connaissances pr\u00e9alables dans le domaine \u00e9nerg\u00e9tique.<br>Pour tous ceux qui souhaitent d\u00e9buter, comprendre ou approfondir leurs connaissances dans l&rsquo;accompagnement et l&rsquo;aide \u00e0 la personne, par des techniques douces, simples, accessibles et sans aucune manipulation.<br>Pour ceux qui, dans le cadre d&rsquo;un d\u00e9veloppement personnel, d\u00e9sirent \u00eatre capable d&rsquo;adapter leurs attitudes aux diverses situations de stress du quotidien, tant dans la vie priv\u00e9e que professionnelle, tout en comprenant les m\u00e9canismes en jeu.<br>Ces pratiques sont \u00e9galement utilisables pour le monde animalier.<br>Elles ne remplacent ni diagnostic m\u00e9dical, ni ne se substituent \u00e0 un traitement m\u00e9dicamenteux, mais peuvent tout \u00e0 fait en \u00eatre compl\u00e9mentaires.<\/p>\n\n\n\n<p class=\"has-light-pink-background-color has-text-color has-background\" style=\"color:#72198e\"><strong>Pourquoi ?<\/strong><\/p>\n\n\n\n<p class=\"has-text-color\" style=\"color:#000000\">Tout \u00eatre vivant est compos\u00e9 d&rsquo;\u00e9nergies soumises aux m\u00e9moires du pass\u00e9, au stress du pr\u00e9sent, \u00e0 la peur du futur ainsi qu&rsquo;aux conditions de vie (climat, alimentation, environnement, maladie&#8230;), subissant ainsi un d\u00e9s\u00e9quilibre \u00e9nerg\u00e9tique qui pourrait conduire \u00e0 des sympt\u00f4mes ou des maladies physiques ou \u00e9motionnelles: les techniques \u00e9nerg\u00e9tiques permettent d&rsquo;y rem\u00e9dier.<\/p>\n\n\n\n<p class=\"has-light-pink-background-color has-text-color has-background\" style=\"color:#72198e\"><strong>Comment ?<\/strong><\/p>\n\n\n\n<p class=\"has-text-color\" style=\"color:#000000\">Lors des formations, les personnes utiliseront leurs mains (avec ou sans toucher) comme outil de perception des zones et des points bloqu\u00e9s. Elles apprendront les techniques \u00e9nerg\u00e9tiques d&rsquo;harmonisation de ces zones.<\/p>\n\n\n\n<p class=\"has-light-pink-background-color has-text-color has-background\" style=\"color:#72198e\"><strong>Les niveaux de stages successifs<\/strong><\/p>\n\n\n\n<p class=\"has-text-color\" style=\"color:#000000\">Ils permettent aux participants de d\u00e9couvrir diff\u00e9rentes origines possibles de stress, de maladie et d&rsquo;adaptation \u00e0 la vie par une lecture \u00e9nerg\u00e9tique de plus en plus approfondie \u00e0 l&rsquo;aide des techniques utilis\u00e9es, des informations et des documents fournis.Les pratiques deviendront de plus en plus cibl\u00e9es au cours des diff\u00e9rents niveaux. Les connaissances acquises permettront \u00e0 chaque participant de mieux comprendre son \u00e9tat (physique, \u00e9motionnel et mental) et de devenir consciemment acteur de sa sant\u00e9 et de sa vie. Les techniques apprises peuvent \u00eatre utilis\u00e9es imm\u00e9diatement et permettent d&rsquo;accompagner toute personne, quel que soit son \u00e2ge, en difficult\u00e9 ou en souffrance. <\/p>\n\n\n\n<p class=\"has-light-pink-background-color has-text-color has-background\" style=\"color:#72198e\"><strong>Horaires et tarifs :<\/strong><\/p>\n\n\n\n<p class=\"has-text-align-center has-text-color\" style=\"color:#72198e\"><span style=\"color: #ff6600;\"><em>Niveau <\/em>1<em>&nbsp;<\/em>: De 9h \u00e0 17h30&nbsp;&nbsp;&nbsp;&nbsp;&nbsp;&nbsp;&nbsp;&nbsp;&nbsp;&nbsp;&nbsp;&nbsp;&nbsp;&nbsp;&nbsp;&nbsp;&nbsp;&nbsp; &nbsp; &nbsp; &nbsp;&nbsp;&nbsp;&nbsp; r\u00e9f : MA&nbsp;&nbsp; 1 &nbsp; &nbsp; &nbsp; &nbsp; &nbsp; tarif : 120 \u20ac <\/span><\/p>\n\n\n\n<p class=\"has-text-align-center\"><span style=\"color: #ff6600;\"><em>Niveau <\/em>2 : De 9h \u00e0 17h30&nbsp;&nbsp;&nbsp;&nbsp;&nbsp;&nbsp;&nbsp;&nbsp;&nbsp;&nbsp;&nbsp;&nbsp;&nbsp;&nbsp;&nbsp;&nbsp;&nbsp;&nbsp; &nbsp; &nbsp; &nbsp;&nbsp;&nbsp;&nbsp; r\u00e9f : MA&nbsp;&nbsp; 2 &nbsp; &nbsp; &nbsp; &nbsp; &nbsp; tarif : 120 \u20ac <\/span><\/p>\n\n\n\n<p class=\"has-text-align-center\"><span style=\"color: #ff6600;\"><em>Niveau <\/em>3 : De 9h \u00e0 17h30&nbsp;&nbsp;&nbsp;&nbsp;&nbsp;&nbsp;&nbsp;&nbsp;&nbsp;&nbsp;&nbsp;&nbsp;&nbsp;&nbsp;&nbsp;&nbsp;&nbsp;&nbsp; &nbsp; &nbsp; &nbsp;&nbsp;&nbsp;&nbsp; r\u00e9f : MA&nbsp;&nbsp; 3 &nbsp; &nbsp; &nbsp; &nbsp; &nbsp; tarif : 120 \u20ac <\/span><\/p>\n\n\n\n<p class=\"has-text-align-center\"><span style=\"color: #ff6600;\"><em>Niveau <\/em>4 : De 9h \u00e0 17h30&nbsp;&nbsp;&nbsp;&nbsp;&nbsp;&nbsp;&nbsp;&nbsp;&nbsp;&nbsp;&nbsp;&nbsp;&nbsp;&nbsp;&nbsp;&nbsp;&nbsp;&nbsp; &nbsp; &nbsp; &nbsp;&nbsp;&nbsp;&nbsp; r\u00e9f : MA&nbsp;&nbsp; 4 &nbsp; &nbsp; &nbsp; &nbsp; &nbsp; tarif : 120 \u20ac<\/span><\/p>\n\n\n\n<p><\/p>\n\n\n\n<p><a href=\"https:\/\/eveil-sylvainmeyer.fr\/index.php\/le-calendrier\/\" target=\"_blank\" rel=\"noreferrer noopener\">Le calendrier<\/a><\/p>\n\n\n\n<p><a href=\"https:\/\/eveil-sylvainmeyer.fr\/index.php\/les-formations\/je-minscris-ici-a-une-formation\/\" target=\"_blank\" rel=\"noreferrer noopener\">Je m&rsquo;inscris ici<\/a><\/p>\n\n\n\n<p><a href=\"https:\/\/eveil-sylvainmeyer.fr\/index.php\/informations-utiles\/\" target=\"_blank\" rel=\"noreferrer noopener\">Informations utiles<\/a><\/p>\n\n\n\n<p><a rel=\"noreferrer noopener\" href=\"https:\/\/eveil-sylvainmeyer.fr\/index.php\/apres-une-formation\/\" target=\"_blank\">Et apr\u00e8s une formation<\/a><a href=\"https:\/\/eveil-sylvainmeyer.fr\/index.php\/le-calendrier\/\"><span style=\"color: #800080;\"><\/span><\/a> ?<\/p>\n","protected":false},"excerpt":{"rendered":"<p>Formations aux techniques \u00e9nerg\u00e9tiques avec les mains pour l&rsquo;harmonisation du corps et de l&rsquo;esprit Ces techniques \u00e9nerg\u00e9tiques peuvent \u00eatre utilis\u00e9s sur les personnes et les animaux. Calendrier, inscription et informations utiles en bas de page. Accessibles \u00e0 toutes et \u00e0 tous, les diff\u00e9rents niveaux sont pr\u00e9sent\u00e9s plusieurs fois dans l&rsquo;ann\u00e9e permettant ainsi \u00e0 chaque personne &hellip; <a href=\"https:\/\/eveil-sylvainmeyer.fr\/index.php\/les-formations\/formation-soins-avec-les-mains\/\" class=\"more-link\">Continuer la lecture de <span class=\"screen-reader-text\">FORMATIONS AUX TECHNIQUES ENERGETIQUES AVEC LES MAINS<\/span><\/a><\/p>\n","protected":false},"author":2,"featured_media":0,"parent":158,"menu_order":5,"comment_status":"closed","ping_status":"closed","template":"","meta":{"footnotes":""},"class_list":["post-176","page","type-page","status-publish","hentry"],"_links":{"self":[{"href":"https:\/\/eveil-sylvainmeyer.fr\/index.php\/wp-json\/wp\/v2\/pages\/176","targetHints":{"allow":["GET"]}}],"collection":[{"href":"https:\/\/eveil-sylvainmeyer.fr\/index.php\/wp-json\/wp\/v2\/pages"}],"about":[{"href":"https:\/\/eveil-sylvainmeyer.fr\/index.php\/wp-json\/wp\/v2\/types\/page"}],"author":[{"embeddable":true,"href":"https:\/\/eveil-sylvainmeyer.fr\/index.php\/wp-json\/wp\/v2\/users\/2"}],"replies":[{"embeddable":true,"href":"https:\/\/eveil-sylvainmeyer.fr\/index.php\/wp-json\/wp\/v2\/comments?post=176"}],"version-history":[{"count":49,"href":"https:\/\/eveil-sylvainmeyer.fr\/index.php\/wp-json\/wp\/v2\/pages\/176\/revisions"}],"predecessor-version":[{"id":2799,"href":"https:\/\/eveil-sylvainmeyer.fr\/index.php\/wp-json\/wp\/v2\/pages\/176\/revisions\/2799"}],"up":[{"embeddable":true,"href":"https:\/\/eveil-sylvainmeyer.fr\/index.php\/wp-json\/wp\/v2\/pages\/158"}],"wp:attachment":[{"href":"https:\/\/eveil-sylvainmeyer.fr\/index.php\/wp-json\/wp\/v2\/media?parent=176"}],"curies":[{"name":"wp","href":"https:\/\/api.w.org\/{rel}","templated":true}]}}