{"id":223,"date":"2018-02-17T10:30:28","date_gmt":"2018-02-17T09:30:28","guid":{"rendered":"http:\/\/eveil-sylvainmeyer.fr\/?page_id=223"},"modified":"2025-02-23T14:19:41","modified_gmt":"2025-02-23T13:19:41","slug":"formations-a-la-radiesthesie-geobiologie","status":"publish","type":"page","link":"https:\/\/eveil-sylvainmeyer.fr\/index.php\/les-formations\/formations-a-la-radiesthesie-geobiologie\/","title":{"rendered":"FORMATIONS : RECHERCHE D&rsquo;EAU \/ RADIESTHESIE \/ GEOBIOLOGIE"},"content":{"rendered":"\n<p class=\"has-text-color\" style=\"color:#72198e;font-size:23px\"><strong>Formations : recherche d&rsquo;eau \/ radiesth\u00e9sie \/ g\u00e9obiologie<\/strong><\/p>\n\n\n\n<p>Calendrier, inscription et informations utiles en bas de page.<\/p>\n\n\n\n<p class=\"has-light-pink-background-color has-text-color has-background\" style=\"color:#000000\">Contrairement aux croyances, tout le monde peut en travaillant dans le respect de la Vie et ce, sans fournir d&rsquo;effort, utiliser le pendule, diverses baguettes et bien d&rsquo;autres outils pour pratiquer de multiples recherches au sein d&rsquo;une maison ou d&rsquo;un terrain.<\/p>\n\n\n\n<p class=\"has-light-pink-background-color has-text-color has-background\" style=\"color:#72198e\"><strong>Pour qui ?<\/strong><\/p>\n\n\n\n<p class=\"has-text-color\" style=\"color:#000000\">Pour toutes les personnes d\u00e9sireuses de vivre en harmonie avec et dans leur lieu de vie et ceux et celles qui souhaitent faire b\u00e9n\u00e9ficier leur entourage de ces connaissances ancestrales.<\/p>\n\n\n\n<p class=\"has-light-pink-background-color has-text-color has-background\" style=\"color:#72198e\"><strong>Pourquoi ?<\/strong><\/p>\n\n\n\n<ul class=\"wp-block-list\">\n<li>Parce que les \u00e9nergies environnementales li\u00e9es aux sources souterraines, les failles et autres r\u00e9seaux magn\u00e9tiques peuvent avoir une influence sur la sant\u00e9 humaine, les \u00e9levages, la v\u00e9g\u00e9tation&#8230;<\/li>\n\n\n\n<li>Les diff\u00e9rents mat\u00e9riaux modernes de construction (gros-oeuvre, traitement et finitions) ainsi que le mode de vie actuel (domotique, connections sans fils&#8230;) peuvent \u00e9galement g\u00e9n\u00e9rer des nuisances.<\/li>\n\n\n\n<li>Le pass\u00e9 historique et\/ou les m\u00e9moires personnelles peuvent aussi avoir des effets perturbants ou b\u00e9n\u00e9fiques selon leur intensit\u00e9 et la sensibilit\u00e9 des \u00a8\u00eatres vivants de ces lieux. <\/li>\n<\/ul>\n\n\n\n<p class=\"has-light-pink-background-color has-text-color has-background\" style=\"color:#72198e\"><strong>La recherche de sources : <\/strong><\/p>\n\n\n\n<p class=\"has-text-color\" style=\"color:#000000\">L&rsquo;eau est une denr\u00e9e de plus en plus rare et indispensable \u00e0 toute vie. La capter demande au pr\u00e9alable une conscience globale du terrain et de l&rsquo;utilisation pr\u00e9vue de cette eau ainsi qu&rsquo;un accord parfait avec la n\u00e9cessit\u00e9 du captage (capital pour la sant\u00e9 et la vie ou de complaisance et d&rsquo;agr\u00e9ment).<\/p>\n\n\n\n<p class=\"has-light-pink-background-color has-text-color has-background\" style=\"color:#72198e\"><strong>Comment ?<\/strong><\/p>\n\n\n\n<p class=\"has-text-color\" style=\"color:#000000\">La d\u00e9tection et les diff\u00e9rentes mesures \u00e0 l&rsquo;aide d&rsquo;outils rationnels (baguettes, pendule, appareillages \u00e9lectroniques&#8230;) et\/ou sur un mode sensitif permettront d&rsquo;\u00e9tablir un \u00e9tat des lieux des \u00e9nergies en pr\u00e9sence.<\/p>\n\n\n\n<p class=\"has-light-pink-background-color has-text-color has-background\" style=\"color:#72198e\"><strong>Les solutions : <\/strong><\/p>\n\n\n\n<p class=\"has-text-color\" style=\"color:#000000\">Les niveaux de stage successifs permettront aux participants d&rsquo;appr\u00e9hender les lieux sous divers angles (environnementaux, physiques, souterrains), d&rsquo;effectuer un travail de sourcier \/ g\u00e9obiologue et de proc\u00e9der \u00e0 un \u00e9quilibrage harmonieux des lieux.<\/p>\n\n\n\n<p class=\"has-text-color\" style=\"color:#000000\">Les baguettes et pendules serons mis \u00e0 disposition et pourrons \u00eatre acquis sur place.<\/p>\n\n\n\n<p>Il vous est bien sur possible d\u2019emmener votre propre mat\u00e9riel.<\/p>\n\n\n\n<p class=\"has-light-pink-background-color has-text-color has-background\" style=\"color:#72198e\"><strong>Horaires et tarif<\/strong>s<\/p>\n\n\n\n<p class=\"has-text-color\" style=\"color:#72198e\"><strong>Niveau 1<\/strong> : de 9h \u00e0 17h30 r\u00e9f : rad 1 tarif : 120\u20ac<\/p>\n\n\n\n<p>Recherches et d\u00e9tections avec divers outils traditionnels (pendule, baguette&#8230;) mais aussi \u00e9lectronique ou de nos mains des r\u00e9seaux \u00e9nerg\u00e9tiques, de cours d&rsquo;eau, de l\u2019\u00e9quilibre cosmo-tellurique, des failles&#8230; et leurs influences sur le vivant.<\/p>\n\n\n\n<p class=\"has-text-color\" style=\"color:#72198e\"><strong>Niveau 2<\/strong> : de 9h \u00e0 17h30 r\u00e9f : rad 2 tarif : 120\u20ac<\/p>\n\n\n\n<p>Perfectionnement du niveau 1 et recherche des m\u00e9moires et de l&rsquo;historique des terrains ou des constructions sur d&rsquo;ancienne gravi\u00e8re, de d\u00e9charge, site de guerre, d&rsquo;accident, de traumatisme de Vie, de maladie, d&rsquo;ancien site sacr\u00e9 ou de lieu de culte&#8230;<\/p>\n\n\n\n<p class=\"has-text-color\" style=\"color:#72198e\"><strong>Niveau 3<\/strong> : de 9h \u00e0 17h30 r\u00e9f : rad 3 tarif : 120\u20ac<\/p>\n\n\n\n<p>Pr\u00e9-requis : formations Pa ou Ma1, 2, 3 et 4. Mise en pratique d&rsquo;une technique d&rsquo;\u00e9quilibrage d&rsquo;un lieu sans pose d&rsquo;objet.<\/p>\n\n\n\n<p>Travail sur les m\u00e9moires d&rsquo;un lieu : rituels, conflits, maladies etc&#8230;<\/p>\n\n\n\n<p><a href=\"https:\/\/eveil-sylvainmeyer.fr\/index.php\/le-calendrier\/\" target=\"_blank\" rel=\"noreferrer noopener\">Le calendrier<\/a><\/p>\n\n\n\n<p><a href=\"http:\/\/eveil-sylvainmeyer.fr\/index.php\/les-formations\/je-minscris-ici-a-une-formation\/\" target=\"_blank\" rel=\"noreferrer noopener\">Je m&rsquo;inscris ici<\/a><\/p>\n\n\n\n<p><a href=\"https:\/\/eveil-sylvainmeyer.fr\/index.php\/les-formations\/informations-utiles\/\" target=\"_blank\" rel=\"noreferrer noopener\">Informations utiles<\/a><\/p>\n\n\n\n<p><a href=\"http:\/\/eveil-sylvainmeyer.fr\/index.php\/le-calendrier\/\"><\/a><span style=\"color: #800080;\"><\/span><a href=\"https:\/\/eveil-sylvainmeyer.fr\/index.php\/apres-une-formation\/\" target=\"_blank\" rel=\"noreferrer noopener\">Et apr\u00e8s une formation<\/a><\/p>\n\n\n\n<p><\/p>\n","protected":false},"excerpt":{"rendered":"<p>Formations : recherche d&rsquo;eau \/ radiesth\u00e9sie \/ g\u00e9obiologie Calendrier, inscription et informations utiles en bas de page. Contrairement aux croyances, tout le monde peut en travaillant dans le respect de la Vie et ce, sans fournir d&rsquo;effort, utiliser le pendule, diverses baguettes et bien d&rsquo;autres outils pour pratiquer de multiples recherches au sein d&rsquo;une maison &hellip; <a href=\"https:\/\/eveil-sylvainmeyer.fr\/index.php\/les-formations\/formations-a-la-radiesthesie-geobiologie\/\" class=\"more-link\">Continuer la lecture de <span class=\"screen-reader-text\">FORMATIONS : RECHERCHE D&rsquo;EAU \/ RADIESTHESIE \/ GEOBIOLOGIE<\/span><\/a><\/p>\n","protected":false},"author":2,"featured_media":0,"parent":158,"menu_order":15,"comment_status":"closed","ping_status":"closed","template":"","meta":{"footnotes":""},"class_list":["post-223","page","type-page","status-publish","hentry"],"_links":{"self":[{"href":"https:\/\/eveil-sylvainmeyer.fr\/index.php\/wp-json\/wp\/v2\/pages\/223","targetHints":{"allow":["GET"]}}],"collection":[{"href":"https:\/\/eveil-sylvainmeyer.fr\/index.php\/wp-json\/wp\/v2\/pages"}],"about":[{"href":"https:\/\/eveil-sylvainmeyer.fr\/index.php\/wp-json\/wp\/v2\/types\/page"}],"author":[{"embeddable":true,"href":"https:\/\/eveil-sylvainmeyer.fr\/index.php\/wp-json\/wp\/v2\/users\/2"}],"replies":[{"embeddable":true,"href":"https:\/\/eveil-sylvainmeyer.fr\/index.php\/wp-json\/wp\/v2\/comments?post=223"}],"version-history":[{"count":64,"href":"https:\/\/eveil-sylvainmeyer.fr\/index.php\/wp-json\/wp\/v2\/pages\/223\/revisions"}],"predecessor-version":[{"id":2793,"href":"https:\/\/eveil-sylvainmeyer.fr\/index.php\/wp-json\/wp\/v2\/pages\/223\/revisions\/2793"}],"up":[{"embeddable":true,"href":"https:\/\/eveil-sylvainmeyer.fr\/index.php\/wp-json\/wp\/v2\/pages\/158"}],"wp:attachment":[{"href":"https:\/\/eveil-sylvainmeyer.fr\/index.php\/wp-json\/wp\/v2\/media?parent=223"}],"curies":[{"name":"wp","href":"https:\/\/api.w.org\/{rel}","templated":true}]}}