{"id":250,"date":"2018-02-17T11:34:36","date_gmt":"2018-02-17T10:34:36","guid":{"rendered":"http:\/\/eveil-sylvainmeyer.fr\/?page_id=250"},"modified":"2023-09-28T10:19:11","modified_gmt":"2023-09-28T08:19:11","slug":"informations-utiles","status":"publish","type":"page","link":"https:\/\/eveil-sylvainmeyer.fr\/index.php\/les-formations\/informations-utiles\/","title":{"rendered":"Informations utiles"},"content":{"rendered":"\n<p class=\"has-text-align-center\"><span style=\"color: #800080;\"><strong><span style=\"font-size: 14pt;\">INFORMATIONS UTILES<\/span><\/strong><\/span><\/p>\n\n\n\n<p><span style=\"color: #000000;\">Pour des raisons pratiques nous travaillons d\u00e9chauss\u00e9s.&nbsp;<\/span><br><span style=\"color: #000000;\"> Pr\u00e9voir des pantoufles et une couverture ou un tapis de sol.<\/span><\/p>\n\n\n\n<p><span style=\"color: #000000;\">Le prix des formations ne tient pas compte de l\u2019achat du mat\u00e9riel n\u00e9cessaire aux diff\u00e9rentes pratiques. Celui-ci pourra \u00eatre acquis sur place ou il est possible d\u2019apporter ses propres outils (me consulter).<\/span><\/p>\n\n\n\n<p><span style=\"color: #000000;\">Voir avec vos comit\u00e9s d\u2019entreprises pour la possible participation aux frais de formation.<\/span><\/p>\n\n\n\n<p><span style=\"color: #000000;\">Toute formation annul\u00e9e \u00e0 mon initiative entra\u00eene le remboursement du montant total de l\u2019inscription, ou, avec accord, le report \u00e0 une autre date.<\/span><\/p>\n\n\n\n<p><span style=\"color: #000000;\">Toute inscription sera accompagn\u00e9e d\u2019un ch\u00e8que du montant correspondant. Celui-ci sera encaiss\u00e9 \u00e0 l\u2019issue de la formation.<\/span><\/p>\n\n\n\n<p><span style=\"color: #ff0000;\">Seront retenus (sauf justificatif m\u00e9dical) : 50 % en cas d\u2019annulation de votre part entre 3 et 7 jours pr\u00e9c\u00e9dant la formation et 100 % en cas d\u2019annulation de votre part dans les 2 jours pr\u00e9c\u00e9dant la formation.<\/span><\/p>\n\n\n\n<p class=\"has-text-color\" style=\"color:#000000\">Exemple : formation le 15. Si d\u00e9sistement les 15, 14 ou 13 aucun remboursement ne sera fait. Si d\u00e9sistement entre le 12 et le 8, 50% seront restitu\u00e9. Avant le 8 le ch\u00e8que d&rsquo;inscription sera d\u00e9truit ou avec votre accord gard\u00e9 pour une prochaine session.<\/p>\n\n\n\n<p><span style=\"color: #000000;\">Me contacter pour toute facilit\u00e9 de paiement.<\/span><\/p>\n\n\n\n<p class=\"has-text-align-center has-light-pink-background-color has-background\"><span style=\"font-size: 14pt; color: #800080; font-family: Arial, Helvetica, sans-serif;\"><strong>REPAS ET HEBERGEMENT<\/strong><\/span><\/p>\n\n\n\n<p class=\"has-text-align-center\"><span style=\"color: #800080;\"><strong><span style=\"color: #ff0000;\">Chaque participant s&rsquo;occupera de son repas et de son h\u00e9bergement.<\/span> <\/strong><\/span><\/p>\n\n\n\n<p class=\"has-text-align-center\"><span style=\"color: #000000;\"><strong>Aucune <\/strong>possibilit\u00e9 de r\u00e9chauffer sur place, ni de mise \u00e0 disposition de vaisselle, merci de pr\u00e9voir en cons\u00e9quence.<\/span><\/p>\n\n\n\n<p class=\"has-text-align-center\"><span style=\"color: #000000;\"> Plusieurs lieux d\u2019h\u00e9bergements et de restauration sont possible autour des lieux de formations. Renseignez vous <strong>avant<\/strong> la formation sur leurs horaires et jours d&rsquo;ouvertures.<\/span><\/p>\n","protected":false},"excerpt":{"rendered":"<p>INFORMATIONS UTILES Pour des raisons pratiques nous travaillons d\u00e9chauss\u00e9s.&nbsp; Pr\u00e9voir des pantoufles et une couverture ou un tapis de sol. Le prix des formations ne tient pas compte de l\u2019achat du mat\u00e9riel n\u00e9cessaire aux diff\u00e9rentes pratiques. Celui-ci pourra \u00eatre acquis sur place ou il est possible d\u2019apporter ses propres outils (me consulter). Voir avec vos &hellip; <a href=\"https:\/\/eveil-sylvainmeyer.fr\/index.php\/les-formations\/informations-utiles\/\" class=\"more-link\">Continuer la lecture de <span class=\"screen-reader-text\">Informations utiles<\/span><\/a><\/p>\n","protected":false},"author":2,"featured_media":0,"parent":158,"menu_order":90,"comment_status":"closed","ping_status":"closed","template":"","meta":{"footnotes":""},"class_list":["post-250","page","type-page","status-publish","hentry"],"_links":{"self":[{"href":"https:\/\/eveil-sylvainmeyer.fr\/index.php\/wp-json\/wp\/v2\/pages\/250","targetHints":{"allow":["GET"]}}],"collection":[{"href":"https:\/\/eveil-sylvainmeyer.fr\/index.php\/wp-json\/wp\/v2\/pages"}],"about":[{"href":"https:\/\/eveil-sylvainmeyer.fr\/index.php\/wp-json\/wp\/v2\/types\/page"}],"author":[{"embeddable":true,"href":"https:\/\/eveil-sylvainmeyer.fr\/index.php\/wp-json\/wp\/v2\/users\/2"}],"replies":[{"embeddable":true,"href":"https:\/\/eveil-sylvainmeyer.fr\/index.php\/wp-json\/wp\/v2\/comments?post=250"}],"version-history":[{"count":41,"href":"https:\/\/eveil-sylvainmeyer.fr\/index.php\/wp-json\/wp\/v2\/pages\/250\/revisions"}],"predecessor-version":[{"id":2667,"href":"https:\/\/eveil-sylvainmeyer.fr\/index.php\/wp-json\/wp\/v2\/pages\/250\/revisions\/2667"}],"up":[{"embeddable":true,"href":"https:\/\/eveil-sylvainmeyer.fr\/index.php\/wp-json\/wp\/v2\/pages\/158"}],"wp:attachment":[{"href":"https:\/\/eveil-sylvainmeyer.fr\/index.php\/wp-json\/wp\/v2\/media?parent=250"}],"curies":[{"name":"wp","href":"https:\/\/api.w.org\/{rel}","templated":true}]}}