{"id":296,"date":"2018-03-01T19:35:28","date_gmt":"2018-03-01T18:35:28","guid":{"rendered":"http:\/\/eveil-sylvainmeyer.fr\/?page_id=296"},"modified":"2025-02-24T20:42:28","modified_gmt":"2025-02-24T19:42:28","slug":"a-propos-de-sylvain-meyer","status":"publish","type":"page","link":"https:\/\/eveil-sylvainmeyer.fr\/index.php\/a-propos-de-sylvain-meyer\/","title":{"rendered":"EN SAVOIR PLUS"},"content":{"rendered":"<div class=\"wp-block-image\">\n<figure class=\"aligncenter size-large is-resized\"><img loading=\"lazy\" decoding=\"async\" width=\"948\" height=\"1024\" src=\"https:\/\/eveil-sylvainmeyer.fr\/wp-content\/uploads\/2024\/09\/20240901_114207-Copie-Copie-948x1024.jpg\" alt=\"\" class=\"wp-image-2755\" style=\"width:271px;height:auto\" srcset=\"https:\/\/eveil-sylvainmeyer.fr\/wp-content\/uploads\/2024\/09\/20240901_114207-Copie-Copie-948x1024.jpg 948w, https:\/\/eveil-sylvainmeyer.fr\/wp-content\/uploads\/2024\/09\/20240901_114207-Copie-Copie-278x300.jpg 278w, https:\/\/eveil-sylvainmeyer.fr\/wp-content\/uploads\/2024\/09\/20240901_114207-Copie-Copie-768x830.jpg 768w, https:\/\/eveil-sylvainmeyer.fr\/wp-content\/uploads\/2024\/09\/20240901_114207-Copie-Copie-1422x1536.jpg 1422w, https:\/\/eveil-sylvainmeyer.fr\/wp-content\/uploads\/2024\/09\/20240901_114207-Copie-Copie-1896x2048.jpg 1896w\" sizes=\"auto, (max-width: 948px) 100vw, 948px\" \/><\/figure>\n<\/div>\n\n\n<p><\/p>\n\n\n\n<p class=\"has-light-pink-background-color has-text-color has-background\" style=\"color:#000000\"><strong>Sylvain Meyer<\/strong> exerce \u00e0 titre professionnel depuis 23 ans dans le domaine des techniques \u00e9nerg\u00e9tiques avec et sans min\u00e9raux, de la radiesth\u00e9sie-g\u00e9obiologie, propose des formations, ateliers et conf\u00e9rences , vend des min\u00e9raux et donne les conseils n\u00e9cessaires \u00e0 leurs utilisations.<\/p>\n\n\n\n<p class=\"has-text-color\" style=\"color:#000000\">Il a suivi un cursus de plus de trois ans en Energetique Traditionnelle Chinoise<\/p>\n\n\n\n<p class=\"has-text-color\" style=\"color:#000000\">Intervenant \u00e0 l&rsquo;Universit\u00e9 Populaire pendant 6 ans.<\/p>\n\n\n\n<p class=\"has-text-color\" style=\"color:#000000\">Conf\u00e9rencier \u00e0 la Bourse aux Min\u00e9raux de Ste-Marie-Aux-Mines et pour diff\u00e9rentes associations.<\/p>\n\n\n\n<p class=\"has-text-color\" style=\"color:#000000\">Il accompagne <strong>toutes les personnes<\/strong> (adultes et enfants) et <strong>tous les animaux<\/strong> pour leur permettre d&rsquo;acc\u00e9der \u00e0 leur bien-\u00eatre.<\/p>\n\n\n\n<ul class=\"wp-block-list\">\n<li>par des techniques \u00e9nerg\u00e9tiques, en pr\u00e9vention ou dans les cas de troubles physiques, \u00e9motionnels ou scolaires.<\/li>\n\n\n\n<li>par des formations, ateliers, journ\u00e9es et conf\u00e9rences <\/li>\n\n\n\n<li>par des activit\u00e9s et s\u00e9minaires \u00e0 destination de structures collectives (scolaires, entreprises, maisons de retraite, instituts sp\u00e9cialis\u00e9s, etc&#8230;) accueillant des enfants, des adultes ou des s\u00e9niors.<\/li>\n<\/ul>\n\n\n\n<p class=\"has-text-align-center has-text-color\" style=\"color:#000000\">Consultations et vente de min\u00e9raux sur rendez-vous.<\/p>\n","protected":false},"excerpt":{"rendered":"<p>Sylvain Meyer exerce \u00e0 titre professionnel depuis 23 ans dans le domaine des techniques \u00e9nerg\u00e9tiques avec et sans min\u00e9raux, de la radiesth\u00e9sie-g\u00e9obiologie, propose des formations, ateliers et conf\u00e9rences , vend des min\u00e9raux et donne les conseils n\u00e9cessaires \u00e0 leurs utilisations. Il a suivi un cursus de plus de trois ans en Energetique Traditionnelle Chinoise Intervenant &hellip; <a href=\"https:\/\/eveil-sylvainmeyer.fr\/index.php\/a-propos-de-sylvain-meyer\/\" class=\"more-link\">Continuer la lecture de <span class=\"screen-reader-text\">EN SAVOIR PLUS<\/span><\/a><\/p>\n","protected":false},"author":2,"featured_media":0,"parent":0,"menu_order":80,"comment_status":"closed","ping_status":"closed","template":"","meta":{"footnotes":""},"class_list":["post-296","page","type-page","status-publish","hentry"],"_links":{"self":[{"href":"https:\/\/eveil-sylvainmeyer.fr\/index.php\/wp-json\/wp\/v2\/pages\/296","targetHints":{"allow":["GET"]}}],"collection":[{"href":"https:\/\/eveil-sylvainmeyer.fr\/index.php\/wp-json\/wp\/v2\/pages"}],"about":[{"href":"https:\/\/eveil-sylvainmeyer.fr\/index.php\/wp-json\/wp\/v2\/types\/page"}],"author":[{"embeddable":true,"href":"https:\/\/eveil-sylvainmeyer.fr\/index.php\/wp-json\/wp\/v2\/users\/2"}],"replies":[{"embeddable":true,"href":"https:\/\/eveil-sylvainmeyer.fr\/index.php\/wp-json\/wp\/v2\/comments?post=296"}],"version-history":[{"count":27,"href":"https:\/\/eveil-sylvainmeyer.fr\/index.php\/wp-json\/wp\/v2\/pages\/296\/revisions"}],"predecessor-version":[{"id":2811,"href":"https:\/\/eveil-sylvainmeyer.fr\/index.php\/wp-json\/wp\/v2\/pages\/296\/revisions\/2811"}],"wp:attachment":[{"href":"https:\/\/eveil-sylvainmeyer.fr\/index.php\/wp-json\/wp\/v2\/media?parent=296"}],"curies":[{"name":"wp","href":"https:\/\/api.w.org\/{rel}","templated":true}]}}