{"id":381,"date":"2018-08-26T09:32:12","date_gmt":"2018-08-26T07:32:12","guid":{"rendered":"http:\/\/eveil-sylvainmeyer.fr\/?page_id=381"},"modified":"2026-02-03T10:36:29","modified_gmt":"2026-02-03T09:36:29","slug":"le-calendrier","status":"publish","type":"page","link":"https:\/\/eveil-sylvainmeyer.fr\/index.php\/le-calendrier\/","title":{"rendered":"LE CALENDRIER"},"content":{"rendered":"\n<p class=\"has-text-align-center has-text-color has-link-color has-large-font-size wp-elements-70e558b60d9c067ef1b2e2f4593ec842\" style=\"color:#3e17dc\"><strong>LES DATES DES FORMATIONS SERONT BIENT\u00d4T EN LIGNE<\/strong><\/p>\n\n\n\n<p class=\"has-dark-purple-color has-text-color\" style=\"font-size:16px\"><strong>Les formations en d\u00e9tails, inscription, tarif.. voir les liens en bas de page<\/strong>.<\/p>\n\n\n\n<p class=\"has-text-color\" style=\"color:#ed0707;font-size:16px\">Le tarif est r\u00e9duit de moiti\u00e9 pour toutes les personnes s&rsquo;inscrivant \u00e0 un niveau d\u00e9j\u00e0 fait.<\/p>\n\n\n\n<p class=\"has-text-align-center has-light-pink-background-color has-text-color has-background\" style=\"color:#72198e;font-size:23px\"><strong>Techniques \u00e9nerg\u00e9tiques \u00ab\u00a0avec les mains\u00a0\u00bb  Techniques \u00e9nerg\u00e9tiques \u00ab\u00a0avec les min\u00e9raux\u00a0\u00bb<\/strong><\/p>\n\n\n\n<p class=\"has-text-color has-link-color wp-elements-831e502319b41baec311c124264f564e\" style=\"color:#72198e\"><strong>Ces techniques \u00e9nerg\u00e9tiques peuvent \u00eatre utilis\u00e9es sur les personnes et les animaux<\/strong>.<\/p>\n\n\n\n<p class=\"has-text-align-center has-text-color\" style=\"color:#000000;font-size:16px\"><a href=\"https:\/\/www.google.com\/maps\/place\/3+Rue+du+Sept+F%C3%A9vrier,+68740+Roggenhouse\/@47.8883745,7.4711872,149m\/data=!3m2!1e3!4b1!4m6!3m5!1s0x479174584a146353:0x54c9218571f3b93a!8m2!3d47.8883736!4d7.4718309!16s%2Fg%2F11cpflydbm?hl=fr&amp;entry=ttu&amp;g_ep=EgoyMDI0MDgyOC4wIKXMDSoASAFQAw%3D%3D\">Dans la salle de l&rsquo;ASL de Roggenhouse 68740 (entre Mulhouse et Colmar)<\/a><br><\/p>\n\n\n\n<p class=\"has-text-align-center has-light-pink-background-color has-text-color has-background has-link-color wp-elements-56e8b846678c77449f9f29dce7b59d36\" style=\"color:#72198e;font-size:25px\"><strong><em>Nouveau cycle <\/em><\/strong><strong>202<\/strong>6<\/p>\n\n\n\n<p class=\"has-text-align-center has-text-color has-link-color has-medium-font-size wp-elements-2245180e1336d38a1e43ea90f2770ef7\" style=\"color:#1206fb\">BIENT\u00d4T EN LIGNE<\/p>\n\n\n\n<p class=\"has-text-align-center\">*******<\/p>\n\n\n\n<p class=\"has-text-color\" style=\"color:#ed0707;font-size:17px\">Date limite de r\u00e9ception des inscriptions : 7 jours avant la date du stage<\/p>\n\n\n\n<p style=\"font-size:17px\">Les liens :<\/p>\n\n\n\n<p style=\"font-size:17px\"><a href=\"http:\/\/eveil-sylvainmeyer.fr\/index.php\/les-formations\/\" target=\"_blank\" rel=\"noreferrer noopener\">Les Formations : d\u00e9tails et tarifs<\/a><\/p>\n\n\n\n<p class=\"has-text-color\" style=\"color:#000000;font-size:17px\"><a href=\"http:\/\/eveil-sylvainmeyer.fr\/index.php\/informations-utiles\/\" target=\"_blank\" rel=\"noreferrer noopener\">Informations utiles<\/a><\/p>\n\n\n\n<p style=\"font-size:17px\"><a href=\"http:\/\/eveil-sylvainmeyer.fr\/index.php\/les-formations\/je-minscris-ici-a-une-formation\/\" target=\"_blank\" rel=\"noreferrer noopener\">Pour vous inscrire<\/a><\/p>\n\n\n\n<p class=\"has-text-color\" style=\"color:#000000;font-size:17px\">Des questions : merci de me contacter au 07 87 78 49 13<\/p>\n\n\n\n<p><\/p>\n\n\n\n<p class=\"has-text-color\" style=\"color:#000000;font-size:17px\">A savoir : <\/p>\n\n\n\n<p class=\"has-light-pink-background-color has-text-color has-background\" style=\"color:#000000;font-size:17px\">Les stages \u00ab\u00a0avec les mains\u00a0\u00bb et \u00ab\u00a0avec les min\u00e9raux\u00a0\u00bb seront enseign\u00e9s simultan\u00e9ment. Pour un bon apprentissage, les personnes pr\u00e9sentes devront utiliser une seule des deux techniques.<\/p>\n\n\n\n<p class=\"has-text-color\" style=\"color:#000000;font-size:17px\">Il vous est possible de participer \u00e0 une seule journ\u00e9e de formation.<\/p>\n\n\n\n<p class=\"has-text-color\" style=\"color:#000000;font-size:17px\">Nombre de places limit\u00e9 (dans l&rsquo;ordre d&rsquo;arriv\u00e9e des courriers).<\/p>\n\n\n\n<p class=\"has-text-color\" style=\"color:#ed0707;font-size:17px\">Important : pour me permettre de bien pr\u00e9parer ces journ\u00e9es, merci de m&rsquo;informer au plus t\u00f4t de votre pr\u00e9sence par t\u00e9l\u00e9phone, en plus de votre inscription par courrier.<\/p>\n","protected":false},"excerpt":{"rendered":"<p>LES DATES DES FORMATIONS SERONT BIENT\u00d4T EN LIGNE Les formations en d\u00e9tails, inscription, tarif.. voir les liens en bas de page. Le tarif est r\u00e9duit de moiti\u00e9 pour toutes les personnes s&rsquo;inscrivant \u00e0 un niveau d\u00e9j\u00e0 fait. Techniques \u00e9nerg\u00e9tiques \u00ab\u00a0avec les mains\u00a0\u00bb Techniques \u00e9nerg\u00e9tiques \u00ab\u00a0avec les min\u00e9raux\u00a0\u00bb Ces techniques \u00e9nerg\u00e9tiques peuvent \u00eatre utilis\u00e9es sur les &hellip; <a href=\"https:\/\/eveil-sylvainmeyer.fr\/index.php\/le-calendrier\/\" class=\"more-link\">Continuer la lecture de <span class=\"screen-reader-text\">LE CALENDRIER<\/span><\/a><\/p>\n","protected":false},"author":2,"featured_media":0,"parent":0,"menu_order":45,"comment_status":"closed","ping_status":"closed","template":"","meta":{"footnotes":""},"class_list":["post-381","page","type-page","status-publish","hentry"],"_links":{"self":[{"href":"https:\/\/eveil-sylvainmeyer.fr\/index.php\/wp-json\/wp\/v2\/pages\/381","targetHints":{"allow":["GET"]}}],"collection":[{"href":"https:\/\/eveil-sylvainmeyer.fr\/index.php\/wp-json\/wp\/v2\/pages"}],"about":[{"href":"https:\/\/eveil-sylvainmeyer.fr\/index.php\/wp-json\/wp\/v2\/types\/page"}],"author":[{"embeddable":true,"href":"https:\/\/eveil-sylvainmeyer.fr\/index.php\/wp-json\/wp\/v2\/users\/2"}],"replies":[{"embeddable":true,"href":"https:\/\/eveil-sylvainmeyer.fr\/index.php\/wp-json\/wp\/v2\/comments?post=381"}],"version-history":[{"count":136,"href":"https:\/\/eveil-sylvainmeyer.fr\/index.php\/wp-json\/wp\/v2\/pages\/381\/revisions"}],"predecessor-version":[{"id":2836,"href":"https:\/\/eveil-sylvainmeyer.fr\/index.php\/wp-json\/wp\/v2\/pages\/381\/revisions\/2836"}],"wp:attachment":[{"href":"https:\/\/eveil-sylvainmeyer.fr\/index.php\/wp-json\/wp\/v2\/media?parent=381"}],"curies":[{"name":"wp","href":"https:\/\/api.w.org\/{rel}","templated":true}]}}