{"id":401,"date":"2018-08-26T18:24:51","date_gmt":"2018-08-26T16:24:51","guid":{"rendered":"http:\/\/eveil-sylvainmeyer.fr\/?page_id=401"},"modified":"2023-09-27T19:05:34","modified_gmt":"2023-09-27T17:05:34","slug":"salons-et-articles-de-presses","status":"publish","type":"page","link":"https:\/\/eveil-sylvainmeyer.fr\/index.php\/salons-et-articles-de-presses\/","title":{"rendered":"SALONS ET ARTICLES DE PRESSE"},"content":{"rendered":"<div class=\"wp-block-image\">\n<figure class=\"aligncenter size-full\"><img loading=\"lazy\" decoding=\"async\" width=\"1241\" height=\"1755\" src=\"https:\/\/eveil-sylvainmeyer.fr\/wp-content\/uploads\/2018\/05\/salondecolmar11.jpg\" alt=\"\" class=\"wp-image-311\"\/><\/figure>\n<\/div>\n\n<div class=\"post\">\n<h3 class=\"r\" style=\"text-align: center;\"><span style=\"color: #0000ff;\"><em>A Val Avenir<\/em> : association en val d&rsquo;argent<cite><\/cite><\/span><\/h3>\n<div class=\"post-body\" style=\"text-align: center;\">\n<div>\n<p><span style=\"color: #800080; font-size: 18pt;\"><strong>L\u2019Homme, \u00eatre d\u2019\u00e9nergie.<\/strong><\/span><\/p>\n<p style=\"text-align: center;\"><span style=\"color: #0000ff;\">Sylvain Meyer, au cours de sa conf\u00e9rence donn\u00e9e au local de l\u2019association Val Avenir, a pr\u00e9sent\u00e9 un autre visage de l\u2019\u00eatre humain. Parcouru par des flux d\u2019\u00e9nergie concentr\u00e9s en m\u00e9ridiens, le corps oscille entre trop plein d\u2019\u00e9nergie et manque d\u2019\u00e9nergie r\u00e9sultant de traumatismes divers, fatigues. Cette \u00e9nergie, perceptible par beaucoup d\u2019entre nous, Sylvain Meyer peut la r\u00e9\u00e9quilibrer de mani\u00e8re \u00e0 ce qu\u2019elle circule librement et ainsi soulager des souffrances. Mais bien plus que cela, il a fait d\u00e9couvrir, au public venu nombreux, que cette \u00e9nergie est disponible dans nos aliments mais aussi dans les min\u00e9raux : des tests de perception de l\u2019\u00e9nergie \u00e9mise par des min\u00e9raux ont permis aux participants de ressentir par eux-m\u00eames cette \u00e9nergie.<\/span><\/p>\n<p><span style=\"color: #0000ff;\">Nombreuses ont \u00e9t\u00e9 les questions auxquelles Sylvain Meyer a r\u00e9pondu sans d\u00e9tour. Il semble que cet aspect de l\u2019\u00eatre humain prenne de plus en plus d\u2019importance dans les esprits. Il est plus en accord avec un mode de vie proche des \u00e9nergies naturelles, mode qui va \u00e0 l\u2019encontre des tendances actuelles pollu\u00e9es par l\u2019abus des technologies modernes. Une autre dimension de l\u2019humain \u00e0 m\u00e9diter.<\/span><\/p>\n<p>\u00a0<\/p>\n<p><span style=\"font-size: 14pt; color: #800080;\"><strong>QUELQUES-UNES DES PARTICIPATIONS AUX\u00a0SALONS<\/strong><\/span><\/p>\n<p><span style=\"font-size: medium;\"><span style=\"color: #0000ff; font-size: large;\"><strong>A la Bourse aux Min\u00e9raux de Sainte Marie Aux Mines <\/strong><br \/><strong>Juin 2011<\/strong><\/span><\/span><\/p>\n<p><span style=\"font-size: 12pt;\"><span style=\"color: #000000;\"> <strong><span style=\"color: #800080;\"> \u00ab Apprendre \u00e0 percevoir l\u2019\u00e9nergie des min\u00e9raux \u00bb<\/span><\/strong><\/span><br \/><span style=\"color: #0000ff;\">par<\/span><\/span><span style=\"font-size: 12pt;\"><br \/><span style=\"color: #800080;\"><strong>SYLVAIN MEYER<\/strong><\/span><span style=\"color: #0000ff;\"> (soin \u00e9nerg\u00e9tique, radiesth\u00e9sie, g\u00e9obiologie)<\/span><\/span><\/p>\n<p><span style=\"color: #0000ff;\">Cet atelier permet une prise de contact \u00e9nerg\u00e9tique avec les min\u00e9raux.<\/span><br \/><span style=\"color: #0000ff;\">Les participants peuvent ressentir les parties subtiles des min\u00e9raux et \u00e9ventuellement l\u2019impact sur leur corps. Ils apprennent \u00e9galement \u00e0 choisir la pierre qui leur correspond le mieux dans diverses circonstances.<\/span><\/p>\n<p><span style=\"font-size: medium;\"><span style=\"color: #0000ff; font-size: large;\">*************************<\/span><\/span><\/p>\n<p><span style=\"color: #0000ff; font-size: 14pt;\"><strong>A la Bourse aux Min\u00e9raux de Sainte Marie Aux Mines <\/strong><\/span><br \/><span style=\"color: #0000ff; font-size: 14pt;\"><strong>Juin 2010<\/strong><\/span><\/p>\n<p><span style=\"font-size: 14pt; color: #0000ff;\">****************************<\/span><\/p>\n<p><strong><span style=\"font-size: 14pt; color: #0000ff;\">Salon de l&rsquo;artisanat et du commerce<\/span><\/strong><br \/><strong><span style=\"font-size: 14pt; color: #0000ff;\">les 25, 26 et 27 septembre 2009 \u00e0 Soultz<\/span><\/strong><\/p>\n<p><span style=\"font-size: medium; color: #0000ff;\">****************************<\/span><\/p>\n<p><span style=\"font-size: 14pt; color: #0000ff;\"><strong>BOURSE AUX MINERAUX<\/strong><\/span><\/p>\n<p><span style=\"font-size: 14pt; color: #0000ff;\"><strong>SAINTE MARIE AUX MINES du 25 au 28 juin 2009<\/strong><\/span><\/p>\n<\/div>\n<\/div>\n<\/div>\n<table class=\" aligncenter\" style=\"height: 10px;\" border=\"0\" width=\"664\" cellspacing=\"3\" cellpadding=\"2\" align=\"left\" bgcolor=\"#ffffff\">\n<tbody>\n<tr>\n<td class=\"t10\" bgcolor=\"#d7f7f5\">\u00a0<\/td>\n<\/tr>\n<\/tbody>\n<\/table>\n<p>\u00a0<\/p>\n<p style=\"text-align: center;\"><span style=\"color: #000000;\"> <span style=\"font-size: small;\"><strong><span style=\"color: #800080;\"><span style=\"font-size: 14pt;\"> \u00ab Apprendre \u00e0 percevoir l\u2019\u00e9nergie des min\u00e9raux \u00bb<\/span><\/span><\/strong><\/span><\/span><span style=\"font-size: small;\"><br \/><span style=\"font-size: 12pt; color: #0000ff;\">par<\/span><\/span><span style=\"color: #0000ff;\"><span style=\"font-size: 12pt;\"><br \/><span style=\"color: #800080;\"><strong>SYLVAIN MEYER<\/strong><\/span> (soin \u00e9nerg\u00e9tique, radiesth\u00e9sie, g\u00e9obiologie)<br \/><\/span><span style=\"font-size: small;\"><br \/><span style=\"font-size: 12pt;\">Cet atelier permet une prise de contact \u00e9nerg\u00e9tique avec les min\u00e9raux.<\/span><br \/><span style=\"font-size: 12pt;\">Les participants peuvent ressentir les parties subtiles des min\u00e9raux et \u00e9ventuellement l\u2019impact sur leur corps.<\/span><br \/><span style=\"font-size: 12pt;\">Ils apprennent \u00e9galement \u00e0 choisir la pierre qui leur correspond le mieux dans diverses circonstances.<\/span> <\/span><\/span><\/p>\n<p style=\"text-align: center;\"><span style=\"font-size: medium;\">\u00a0<span style=\"color: #0000ff;\">\u00a0\u00a0\u00a0\u00a0\u00a0 ****************************<\/span><\/span><\/p>\n<p style=\"text-align: center;\">\u00a0\u00a0\u00a0\u00a0\u00a0<span style=\"color: #0000ff;\"><strong><span style=\"font-size: 14pt;\"> Au salon Energie Habitat de Colmar 20 au 23 mars 2009<\/span><\/strong><\/span><\/p>\n<p style=\"text-align: center;\"><span style=\"color: #0000ff; font-size: medium;\">****************************<\/span><\/p>\n<p style=\"text-align: center;\"><strong><span style=\"color: #0000ff; font-size: medium;\"><span style=\"font-size: 14pt;\">Au salon Habitat Energie de Voujeaucourt en f\u00e9vrier 2009<\/span><\/span><\/strong><\/p>\n<p style=\"text-align: center;\"><span style=\"color: #0000ff; font-size: medium;\">***********************<br \/><\/span><br \/><strong><span style=\"color: #0000ff;\"><span style=\"font-size: medium;\"><span style=\"font-size: 14pt; color: #0000ff;\">Au march\u00e9 de No\u00ebl \u00e0 Guebwiller en 2008<\/span><\/span><\/span><\/strong><\/p>\n<p style=\"text-align: center;\"><span style=\"font-size: 14pt; color: #0000ff;\">**************************<\/span><\/p>\n<p style=\"text-align: center;\"><strong><span style=\"font-size: 14pt; color: #0000ff;\">Au salon de l&rsquo;artisanat et des m\u00e9tiers \u00e0 Rumersheim le Haut en\u00a02008<\/span><\/strong><\/p>\n<p style=\"text-align: center;\"><span style=\"font-size: 14pt; color: #0000ff;\">*************************<\/span><\/p>\n<p style=\"text-align: center;\"><span style=\"font-size: medium;\"><span style=\"color: #0000ff; font-size: large;\"><span style=\"color: #0000ff;\"><strong><span style=\"font-size: 14pt;\">Au salon de l&rsquo;artisanat et des m\u00e9tiers \u00e0 Rumersheim le Haut en\u00a02005<\/span><\/strong><\/span><\/span><\/span><\/p>\n<p style=\"text-align: center;\"><span style=\"font-size: medium;\"><span style=\"color: #0000ff; font-size: large;\"><span style=\"color: #0000ff;\"><strong><br \/><\/strong><\/span><\/span><\/span><span style=\"font-size: 14pt; color: #0000ff;\">***************************<\/span><\/p>\n<p style=\"text-align: center;\"><span style=\"color: #0000ff;\"><span style=\"font-size: 14pt;\"><strong>Au forum de la Pr\u00e9vention des Accidents de la Vie Courante\u00a0en 2003<\/strong><\/span><br \/><\/span><br \/><span style=\"color: #0000ff;\">Deux conf\u00e9rences de Sylvain Meyer<\/span><\/p>\n<p style=\"text-align: center;\"><span style=\"color: #0000ff;\">Le mercredi 8 octobre 2003<\/span><br \/><span style=\"color: #0000ff;\">La radiesth\u00e9sie au service des plus de 60 ans<\/span><\/p>\n<p style=\"text-align: center;\"><span style=\"color: #0000ff;\">Dimanche 12 octobre 2003<\/span><br \/><span style=\"color: #0000ff;\">Energ\u00e9tique et radiesth\u00e9sie au service de la pr\u00e9vention<\/span><\/p>\n<p>\u00a0<\/p>\n<p>\u00a0<\/p>\n<p>\u00a0<\/p>\n<p style=\"text-align: center;\">\u00a0<\/p>","protected":false},"excerpt":{"rendered":"<p>A Val Avenir : association en val d&rsquo;argent L\u2019Homme, \u00eatre d\u2019\u00e9nergie. Sylvain Meyer, au cours de sa conf\u00e9rence donn\u00e9e au local de l\u2019association Val Avenir, a pr\u00e9sent\u00e9 un autre visage de l\u2019\u00eatre humain. Parcouru par des flux d\u2019\u00e9nergie concentr\u00e9s en m\u00e9ridiens, le corps oscille entre trop plein d\u2019\u00e9nergie et manque d\u2019\u00e9nergie r\u00e9sultant de traumatismes divers, &hellip; <a href=\"https:\/\/eveil-sylvainmeyer.fr\/index.php\/salons-et-articles-de-presses\/\" class=\"more-link\">Continuer la lecture de <span class=\"screen-reader-text\">SALONS ET ARTICLES DE PRESSE<\/span><\/a><\/p>\n","protected":false},"author":2,"featured_media":0,"parent":0,"menu_order":75,"comment_status":"closed","ping_status":"closed","template":"","meta":{"footnotes":""},"class_list":["post-401","page","type-page","status-publish","hentry"],"_links":{"self":[{"href":"https:\/\/eveil-sylvainmeyer.fr\/index.php\/wp-json\/wp\/v2\/pages\/401","targetHints":{"allow":["GET"]}}],"collection":[{"href":"https:\/\/eveil-sylvainmeyer.fr\/index.php\/wp-json\/wp\/v2\/pages"}],"about":[{"href":"https:\/\/eveil-sylvainmeyer.fr\/index.php\/wp-json\/wp\/v2\/types\/page"}],"author":[{"embeddable":true,"href":"https:\/\/eveil-sylvainmeyer.fr\/index.php\/wp-json\/wp\/v2\/users\/2"}],"replies":[{"embeddable":true,"href":"https:\/\/eveil-sylvainmeyer.fr\/index.php\/wp-json\/wp\/v2\/comments?post=401"}],"version-history":[{"count":19,"href":"https:\/\/eveil-sylvainmeyer.fr\/index.php\/wp-json\/wp\/v2\/pages\/401\/revisions"}],"predecessor-version":[{"id":2645,"href":"https:\/\/eveil-sylvainmeyer.fr\/index.php\/wp-json\/wp\/v2\/pages\/401\/revisions\/2645"}],"wp:attachment":[{"href":"https:\/\/eveil-sylvainmeyer.fr\/index.php\/wp-json\/wp\/v2\/media?parent=401"}],"curies":[{"name":"wp","href":"https:\/\/api.w.org\/{rel}","templated":true}]}}