{"id":429,"date":"2018-08-26T20:47:39","date_gmt":"2018-08-26T18:47:39","guid":{"rendered":"http:\/\/eveil-sylvainmeyer.fr\/?page_id=429"},"modified":"2023-09-27T19:00:58","modified_gmt":"2023-09-27T17:00:58","slug":"pour-entreprise-et-collectivite","status":"publish","type":"page","link":"https:\/\/eveil-sylvainmeyer.fr\/index.php\/pour-entreprise-et-collectivite\/","title":{"rendered":"POUR ENTREPRISES ET COLLECTIVITES"},"content":{"rendered":"\n<p class=\"has-light-pink-background-color has-text-color has-background\" style=\"color:#000000\">Possibilit\u00e9s d&rsquo;intervention en entreprise, milieux scolaires, p\u00e9riscolaires, m\u00e9diath\u00e8ques, maisons de retraite, instituts sp\u00e9cialis\u00e9s, associations&#8230;<\/p>\n\n\n\n<p class=\"has-text-color\" style=\"color:#000000\">Interventions en entreprise, conf\u00e9rences et\/ou ateliers avec explications th\u00e9oriques et pratiques.<\/p>\n\n\n\n<p class=\"has-text-color\" style=\"color:#000000\">Une demande particuli\u00e8re ? Merci de me contacter.<\/p>\n","protected":false},"excerpt":{"rendered":"<p>Possibilit\u00e9s d&rsquo;intervention en entreprise, milieux scolaires, p\u00e9riscolaires, m\u00e9diath\u00e8ques, maisons de retraite, instituts sp\u00e9cialis\u00e9s, associations&#8230; Interventions en entreprise, conf\u00e9rences et\/ou ateliers avec explications th\u00e9oriques et pratiques. Une demande particuli\u00e8re ? Merci de me contacter.<\/p>\n","protected":false},"author":2,"featured_media":0,"parent":0,"menu_order":70,"comment_status":"closed","ping_status":"closed","template":"","meta":{"footnotes":""},"class_list":["post-429","page","type-page","status-publish","hentry"],"_links":{"self":[{"href":"https:\/\/eveil-sylvainmeyer.fr\/index.php\/wp-json\/wp\/v2\/pages\/429","targetHints":{"allow":["GET"]}}],"collection":[{"href":"https:\/\/eveil-sylvainmeyer.fr\/index.php\/wp-json\/wp\/v2\/pages"}],"about":[{"href":"https:\/\/eveil-sylvainmeyer.fr\/index.php\/wp-json\/wp\/v2\/types\/page"}],"author":[{"embeddable":true,"href":"https:\/\/eveil-sylvainmeyer.fr\/index.php\/wp-json\/wp\/v2\/users\/2"}],"replies":[{"embeddable":true,"href":"https:\/\/eveil-sylvainmeyer.fr\/index.php\/wp-json\/wp\/v2\/comments?post=429"}],"version-history":[{"count":11,"href":"https:\/\/eveil-sylvainmeyer.fr\/index.php\/wp-json\/wp\/v2\/pages\/429\/revisions"}],"predecessor-version":[{"id":2642,"href":"https:\/\/eveil-sylvainmeyer.fr\/index.php\/wp-json\/wp\/v2\/pages\/429\/revisions\/2642"}],"wp:attachment":[{"href":"https:\/\/eveil-sylvainmeyer.fr\/index.php\/wp-json\/wp\/v2\/media?parent=429"}],"curies":[{"name":"wp","href":"https:\/\/api.w.org\/{rel}","templated":true}]}}