{"id":50,"date":"2020-01-01T15:39:13","date_gmt":"2020-01-01T14:39:13","guid":{"rendered":"http:\/\/eveil-sylvainmeyer.fr\/?page_id=50"},"modified":"2025-05-12T10:25:32","modified_gmt":"2025-05-12T08:25:32","slug":"page-daccueil","status":"publish","type":"page","link":"https:\/\/eveil-sylvainmeyer.fr\/","title":{"rendered":""},"content":{"rendered":"\n<p class=\"has-text-align-center has-text-color\" style=\"color:#72198e;font-size:65px\"><strong>Sylvain Meyer<\/strong><\/p>\n\n\n\n<p class=\"has-text-align-center has-text-color has-link-color has-medium-font-size wp-elements-541e1802552516cf5228f13668bc68ef\" style=\"color:#72198e\"><strong>Pour vous, vos animaux de compagnie et \u00e9quid\u00e9s.<\/strong><\/p>\n\n\n\n<p class=\"has-text-align-center has-text-color\" style=\"color:#72198e;font-size:19px\"><strong>Energ\u00e9ticien, lithoth\u00e9rapeute, sourcier-radiesthesiste, formateur et conf\u00e9rencier<\/strong>.<\/p>\n\n\n<div class=\"wp-block-image\">\n<figure class=\"aligncenter size-large is-resized\"><img loading=\"lazy\" decoding=\"async\" width=\"948\" height=\"1024\" src=\"https:\/\/eveil-sylvainmeyer.fr\/wp-content\/uploads\/2024\/09\/20240901_114207-Copie-Copie-948x1024.jpg\" alt=\"\" class=\"wp-image-2755\" style=\"width:214px;height:auto\" srcset=\"https:\/\/eveil-sylvainmeyer.fr\/wp-content\/uploads\/2024\/09\/20240901_114207-Copie-Copie-948x1024.jpg 948w, https:\/\/eveil-sylvainmeyer.fr\/wp-content\/uploads\/2024\/09\/20240901_114207-Copie-Copie-278x300.jpg 278w, https:\/\/eveil-sylvainmeyer.fr\/wp-content\/uploads\/2024\/09\/20240901_114207-Copie-Copie-768x830.jpg 768w, https:\/\/eveil-sylvainmeyer.fr\/wp-content\/uploads\/2024\/09\/20240901_114207-Copie-Copie-1422x1536.jpg 1422w, https:\/\/eveil-sylvainmeyer.fr\/wp-content\/uploads\/2024\/09\/20240901_114207-Copie-Copie-1896x2048.jpg 1896w\" sizes=\"auto, (max-width: 948px) 100vw, 948px\" \/><\/figure>\n<\/div>\n\n\n<p class=\"has-text-align-center has-text-color\" style=\"color:#72198e;font-size:26px\"><strong>Praticien depuis 23 ans, vous accompagne pour<\/strong><\/p>\n\n\n\n<p class=\"has-text-align-center has-text-color\" style=\"color:#72198e;font-size:20px\">L\u00e2cher vos maux et vos douleurs<br>Vivre les changements dont vous r\u00eavez<br>Ressentir les courants de Vie de la Terre<br>D\u00e9buter ou approfondir la relation d&rsquo;aide<\/p>\n\n\n\n<p class=\"has-text-align-center has-text-color\" style=\"color:#72198e;font-size:26px\"><strong>Propose \u00e9galement des formations de :<\/strong><\/p>\n\n\n\n<p class=\"has-text-align-center has-text-color\" style=\"color:#72198e;font-size:20px\">Techniques \u00e9nerg\u00e9tiques \u00ab\u00a0avec les mains\u00a0\u00bb<\/p>\n\n\n\n<p class=\"has-text-align-center has-text-color\" style=\"color:#72198e;font-size:20px\">Techniques \u00e9nerg\u00e9tiques \u00ab\u00a0avec les min\u00e9raux\u00a0\u00bb<\/p>\n\n\n\n<p class=\"has-text-align-center has-text-color\" style=\"color:#72198e;font-size:20px\">Radiesth\u00e9sie \/ G\u00e9obiologie<\/p>\n\n\n\n<p class=\"has-text-align-center has-text-color\" style=\"color:#72198e;font-size:20px\">Recherche de sources<\/p>\n\n\n\n<p class=\"has-text-align-center has-text-color has-medium-font-size\" style=\"color:#72198e\"><strong>ET DES <\/strong><\/p>\n\n\n\n<p class=\"has-text-align-center has-text-color\" style=\"color:#72198e;font-size:20px\">Journ\u00e9e \u00ab\u00a0Ang\u00e9liques\u00a0\u00bb<\/p>\n\n\n\n<p class=\"has-text-align-center has-text-color\" style=\"color:#72198e;font-size:20px\">Randonn\u00e9es \u00ab\u00a0Stage Nature\u00a0\u00bb<\/p>\n\n\n\n<p class=\"has-text-align-center has-text-color\" style=\"color:#72198e;font-size:20px\">Vente de min\u00e9raux<\/p>\n\n\n\n<p class=\"has-text-align-center has-text-color\" style=\"color:#72198e\">*******<\/p>\n\n\n\n<p class=\"has-text-align-center has-text-color\" style=\"color:#72198e;font-size:26px\"><strong>T\u00e9l : 07 87 78 49 13<\/strong><\/p>\n\n\n\n<p class=\"has-text-align-center has-text-color\" style=\"color:#72198e\"><strong>68740 ROGGENHOUSE au 9 rue de Blodelsheim<br>(entre Mulhouse et Colmar)<\/strong><\/p>\n\n\n\n<p class=\"has-text-color has-link-color wp-elements-76d5cad10f2bd240f687cef60fc5a807\" style=\"color:#72198e\">Cabinet accessible aux personnes \u00e0 mobilit\u00e9 r\u00e9duite et stationnement dans la cour.<\/p>\n\n\n\n<p class=\"has-text-align-center has-text-color\" style=\"color:#72198e\"><strong><a href=\"https:\/\/urlr.me\/S1ds8\">Plan d&rsquo;acc\u00e8s et simulation d&rsquo;itin\u00e9raire : ici<\/a><\/strong><\/p>\n\n\n\n<div class=\"wp-block-group\"><div class=\"wp-block-group__inner-container is-layout-flow wp-block-group-is-layout-flow\"><\/div><\/div>\n\n\n<p><!-- \/wp:post-content --><!-- wp:paragraph {\"align\":\"center\"} --><\/p>\n<p><!-- \/wp:paragraph --><!-- wp:paragraph {\"align\":\"center\"} --><\/p>\n<p><!-- \/wp:paragraph --><!-- wp:paragraph {\"align\":\"center\"} --><\/p>\n<p><!-- \/wp:paragraph --><!-- wp:paragraph {\"align\":\"center\"} --><\/p>\n<p><!-- \/wp:paragraph --><!-- wp:paragraph {\"align\":\"center\"} --><\/p>\n<p><!-- \/wp:paragraph --><!-- wp:paragraph {\"align\":\"center\"} --><\/p>\n<p><!-- \/wp:paragraph --><!-- wp:paragraph {\"align\":\"center\"} --><\/p>\n<p><!-- \/wp:paragraph --><!-- wp:paragraph {\"align\":\"center\"} --><\/p>\n<p><!-- \/wp:paragraph --><!-- wp:paragraph {\"align\":\"center\"} --><\/p>\n<p><!-- \/wp:paragraph --><!-- wp:paragraph {\"align\":\"center\"} --><\/p>\n<p><!-- \/wp:paragraph --><!-- wp:paragraph {\"align\":\"center\"} --><\/p>\n<p><!-- \/wp:paragraph --><!-- wp:paragraph --><\/p>\n<p><!-- \/wp:paragraph --><!-- wp:paragraph {\"align\":\"center\"} --><\/p>\n<p><!-- \/wp:paragraph --><\/p>\n<p><!-- wp:paragraph {\"align\":\"center\"} --><\/p>\n<p><!-- \/wp:paragraph --><\/p>\n<p><!-- wp:paragraph {\"align\":\"center\",\"fontSize\":\"medium\"} --><\/p>\n<p><!-- \/wp:paragraph --><\/p>\n<p><!-- wp:image {\"align\":\"center\",\"id\":524,\"width\":233,\"height\":311,\"className\":\"is-style-default\"} --><\/p>\n<p><!-- \/wp:image --><\/p>\n<p><!-- wp:image {\"align\":\"center\",\"id\":2370,\"width\":368,\"height\":274,\"sizeSlug\":\"large\",\"linkDestination\":\"none\",\"className\":\"is-style-default\"} --><\/p>\n<p><img loading=\"lazy\" decoding=\"async\" class=\" wp-image-2721 aligncenter\" src=\"https:\/\/eveil-sylvainmeyer.fr\/wp-content\/uploads\/2024\/09\/20240901_091904-300x225.jpg\" alt=\"\" width=\"389\" height=\"292\" srcset=\"https:\/\/eveil-sylvainmeyer.fr\/wp-content\/uploads\/2024\/09\/20240901_091904-300x225.jpg 300w, https:\/\/eveil-sylvainmeyer.fr\/wp-content\/uploads\/2024\/09\/20240901_091904-1024x768.jpg 1024w, https:\/\/eveil-sylvainmeyer.fr\/wp-content\/uploads\/2024\/09\/20240901_091904-768x576.jpg 768w, https:\/\/eveil-sylvainmeyer.fr\/wp-content\/uploads\/2024\/09\/20240901_091904-1536x1152.jpg 1536w, https:\/\/eveil-sylvainmeyer.fr\/wp-content\/uploads\/2024\/09\/20240901_091904-2048x1536.jpg 2048w\" sizes=\"auto, (max-width: 389px) 100vw, 389px\" \/><\/p>\n<p><!-- \/wp:image --><\/p>\n<p><!-- wp:group {\"layout\":{\"type\":\"constrained\"}} --><\/p>\n<div class=\"wp-block-group\"><!-- wp:image {\"align\":\"left\",\"id\":2373,\"width\":168,\"height\":224,\"sizeSlug\":\"large\",\"linkDestination\":\"none\",\"className\":\"is-style-default\"} --><\/p>\n<figure class=\"wp-block-image alignleft size-large is-resized is-style-default\"><img loading=\"lazy\" decoding=\"async\" class=\"wp-image-2373 aligncenter\" src=\"https:\/\/eveil-sylvainmeyer.fr\/wp-content\/uploads\/2023\/04\/20230411_142454-768x1024.jpg\" alt=\"\" width=\"235\" height=\"313\" srcset=\"https:\/\/eveil-sylvainmeyer.fr\/wp-content\/uploads\/2023\/04\/20230411_142454-768x1024.jpg 768w, https:\/\/eveil-sylvainmeyer.fr\/wp-content\/uploads\/2023\/04\/20230411_142454-225x300.jpg 225w, https:\/\/eveil-sylvainmeyer.fr\/wp-content\/uploads\/2023\/04\/20230411_142454-1152x1536.jpg 1152w, https:\/\/eveil-sylvainmeyer.fr\/wp-content\/uploads\/2023\/04\/20230411_142454-1536x2048.jpg 1536w, https:\/\/eveil-sylvainmeyer.fr\/wp-content\/uploads\/2023\/04\/20230411_142454-scaled.jpg 1920w\" sizes=\"auto, (max-width: 235px) 100vw, 235px\" \/><\/figure>\n<p><!-- \/wp:image --><\/p>\n<p><!-- wp:image {\"align\":\"right\",\"id\":2371,\"width\":310,\"height\":232,\"sizeSlug\":\"large\",\"linkDestination\":\"none\",\"className\":\"is-style-default\"} --><\/p>\n<figure class=\"wp-block-image alignright size-large is-resized is-style-default\"><img loading=\"lazy\" decoding=\"async\" class=\"wp-image-2371 aligncenter\" src=\"https:\/\/eveil-sylvainmeyer.fr\/wp-content\/uploads\/2023\/04\/20230411_142409-1024x768.jpg\" alt=\"\" width=\"380\" height=\"285\" srcset=\"https:\/\/eveil-sylvainmeyer.fr\/wp-content\/uploads\/2023\/04\/20230411_142409-1024x768.jpg 1024w, https:\/\/eveil-sylvainmeyer.fr\/wp-content\/uploads\/2023\/04\/20230411_142409-300x225.jpg 300w, https:\/\/eveil-sylvainmeyer.fr\/wp-content\/uploads\/2023\/04\/20230411_142409-768x576.jpg 768w, https:\/\/eveil-sylvainmeyer.fr\/wp-content\/uploads\/2023\/04\/20230411_142409-1536x1152.jpg 1536w, https:\/\/eveil-sylvainmeyer.fr\/wp-content\/uploads\/2023\/04\/20230411_142409-2048x1536.jpg 2048w\" sizes=\"auto, (max-width: 380px) 100vw, 380px\" \/><\/figure>\n<p><!-- \/wp:image --><\/p>\n<\/div>\n<p><!-- \/wp:group --><\/p>\n<p><!-- wp:paragraph {\"align\":\"center\"} --><\/p>\n<\/p>\n<p class=\"has-text-align-center\"><span style=\"color: #ffffff; font-family: Arial, Helvetica, sans-serif;\">\u00a0\u00a0 Haut-Rhin, 68,68740,roggenhouse, mulhouse, fessenheim, munchouse, rustenhart, rumersheim,\u00a0 Alsace,\u00a0 France,\u00a0 r\u00e9gion nord-est, est,\u00a0\u00a0\u00a0 nord, 68160, selestat, St Di\u00e9, vill\u00e9, chatenois, vosges, 88, epinal, gerardmer; bonhomme, orbey, fr\u00e9lan, kaysersberg, ribeauvill\u00e9, colmar, strasbourg,<\/span><br \/><span style=\"color: #000080; font-family: Arial, Helvetica, sans-serif;\"><span style=\"color: #ffffff;\"> m\u00e9decine douce, m\u00e9decine compl\u00e9mentaire, m\u00e9decine naturelle, m\u00e9decine alternative, m\u00e9decine parall\u00e8le, m\u00e9decine holistique, stages, formations, pendule, radiesth\u00e9sie, radiesth\u00e9siste, g\u00e9obiologie, g\u00e9obiologue, sourcier, soins \u00e9nerg\u00e9tiques, magn\u00e9tisme, \u00e9nerg\u00e9ticien, vente de min\u00e9raux, cristaloth\u00e9rapie, lithoth\u00e9rapie, mandalas, stage enfant, randonn\u00e9e, chamanisme, anges, bien-\u00eatre, m\u00e9decine traditionnelle chinoise, digipuncture, acupressure, soins avec les min\u00e9raux, soins avec les mains, accompagnement, ateliers, conf\u00e9rences, \u00e9tude de terrains et maisons, magn\u00e9tiseur, s\u00e9ance de bien-\u00eatre, soins par un \u00a0touch\u00e9 l\u00e9ger, journ\u00e9e ang\u00e9lique, s\u00e9ance individuelle, vente et conseils de min\u00e9raux, cristaux, pierres roul\u00e9es, pierres brutes, rebouteux, gu\u00e9risseur, th\u00e9rapeute itin\u00e9rant, personne, animaux, th\u00e9rapie \u00e9nerg\u00e9tique, soins \u00e9nerg\u00e9tiques, technique manuelle, soin \u00e9n\u00e9rgetique,<\/span><br \/><\/span><\/p>\n<p><!-- \/wp:paragraph --><\/p>","protected":false},"excerpt":{"rendered":"<p>Sylvain Meyer Pour vous, vos animaux de compagnie et \u00e9quid\u00e9s. Energ\u00e9ticien, lithoth\u00e9rapeute, sourcier-radiesthesiste, formateur et conf\u00e9rencier. Praticien depuis 23 ans, vous accompagne pour L\u00e2cher vos maux et vos douleursVivre les changements dont vous r\u00eavezRessentir les courants de Vie de la TerreD\u00e9buter ou approfondir la relation d&rsquo;aide Propose \u00e9galement des formations de : Techniques \u00e9nerg\u00e9tiques \u00ab\u00a0avec &hellip; <a href=\"https:\/\/eveil-sylvainmeyer.fr\/\" class=\"more-link\">Continuer la lecture de <span class=\"screen-reader-text\"><\/span><\/a><\/p>\n","protected":false},"author":1,"featured_media":0,"parent":0,"menu_order":5,"comment_status":"closed","ping_status":"closed","template":"","meta":{"footnotes":""},"class_list":["post-50","page","type-page","status-publish","hentry"],"_links":{"self":[{"href":"https:\/\/eveil-sylvainmeyer.fr\/index.php\/wp-json\/wp\/v2\/pages\/50","targetHints":{"allow":["GET"]}}],"collection":[{"href":"https:\/\/eveil-sylvainmeyer.fr\/index.php\/wp-json\/wp\/v2\/pages"}],"about":[{"href":"https:\/\/eveil-sylvainmeyer.fr\/index.php\/wp-json\/wp\/v2\/types\/page"}],"author":[{"embeddable":true,"href":"https:\/\/eveil-sylvainmeyer.fr\/index.php\/wp-json\/wp\/v2\/users\/1"}],"replies":[{"embeddable":true,"href":"https:\/\/eveil-sylvainmeyer.fr\/index.php\/wp-json\/wp\/v2\/comments?post=50"}],"version-history":[{"count":173,"href":"https:\/\/eveil-sylvainmeyer.fr\/index.php\/wp-json\/wp\/v2\/pages\/50\/revisions"}],"predecessor-version":[{"id":2827,"href":"https:\/\/eveil-sylvainmeyer.fr\/index.php\/wp-json\/wp\/v2\/pages\/50\/revisions\/2827"}],"wp:attachment":[{"href":"https:\/\/eveil-sylvainmeyer.fr\/index.php\/wp-json\/wp\/v2\/media?parent=50"}],"curies":[{"name":"wp","href":"https:\/\/api.w.org\/{rel}","templated":true}]}}