{"id":592,"date":"2020-01-01T08:06:00","date_gmt":"2020-01-01T07:06:00","guid":{"rendered":"http:\/\/eveil-sylvainmeyer.fr\/?page_id=592"},"modified":"2024-09-01T22:58:07","modified_gmt":"2024-09-01T20:58:07","slug":"livre-dor","status":"publish","type":"page","link":"https:\/\/eveil-sylvainmeyer.fr\/index.php\/livre-dor\/","title":{"rendered":"Livre d&rsquo;Or"},"content":{"rendered":"<div class=\"gwolle-gb\"><div class=\"gwolle-gb-messages-top-container\"><\/div>\n\t\t\t<div class=\"gwolle-gb-write-button\">\n\t\t\t\t<input type=\"button\" name=\"gwolle-gb-write-button\" class=\"button btn btn-default \" value=\"\u00c9crire un nouveau message\" aria-expanded=\"false\" \/>\n\t\t\t<\/div>\n\t\t\t<form action=\"#\" method=\"POST\" class=\"gwolle-gb-write gwolle-gb-hide gwolle-gb-float gwolle-gb-form-ajax gwolle-gb-ajax gwolle-gb-not-logged-in\">\n\t\t\t\t<h3>Ici votre message pour le livre d&#39;or. Votre adresse e-mail ne sera pas publi\u00e9e<\/h3>\n\t\t\t\t<button type=\"button\" class=\"gb-notice-dismiss\">x<span class=\"screen-reader-text\">Masquer ce formulaire.<\/span><\/button>\n\t\t\t\n\t\t\t\t<input type=\"hidden\" name=\"gwolle_gb_function\" class=\"gwolle_gb_function\" value=\"add_entry\" \/><input type=\"hidden\" name=\"gwolle_gb_book_id\" class=\"gwolle_gb_book_id\" value=\"1\" \/><div class=\"gwolle_gb_d1a25b228d76a7c55184ca20a61b6f15\">\n\t\t\t\t<div class=\"label\"><label for=\"gwolle_gb_d1a25b228d76a7c55184ca20a61b6f15-1\" class=\"text-info\">Nom <span class=\"required\">*<\/span><\/label><\/div>\n\t\t\t\t<div class=\"input\"><input class=\"wp-exclude-emoji gwolle_gb_d1a25b228d76a7c55184ca20a61b6f15\" value=\"\" type=\"text\" id=\"gwolle_gb_d1a25b228d76a7c55184ca20a61b6f15-1\" name=\"gwolle_gb_d1a25b228d76a7c55184ca20a61b6f15\" required \/><\/div>\n\t\t\t\t<div class=\"clearBoth\">&nbsp;<\/div>\n\t\t\t<\/div><div class=\"gwolle_gb_5f59b15f5da46d7daa49a17ed3d42075\">\n\t\t\t\t\t<div class=\"label\"><label for=\"gwolle_gb_5f59b15f5da46d7daa49a17ed3d42075-1\" class=\"text-info\">Ville<\/label><\/div>\n\t\t\t\t\t<div class=\"input\"><input class=\"wp-exclude-emoji gwolle_gb_5f59b15f5da46d7daa49a17ed3d42075\" value=\"\" type=\"text\" id=\"gwolle_gb_5f59b15f5da46d7daa49a17ed3d42075-1\" name=\"gwolle_gb_5f59b15f5da46d7daa49a17ed3d42075\" \/><\/div>\n\t\t\t\t\t<div class=\"clearBoth\">&nbsp;<\/div>\n\t\t\t\t<\/div><div class=\"gwolle_gb_3c9e39005baea00519bb3f5ed3c09b92\">\n\t\t\t\t<div class=\"label\"><label for=\"gwolle_gb_3c9e39005baea00519bb3f5ed3c09b92-1\" class=\"text-info\">E-mail<\/label><\/div>\n\t\t\t\t<div class=\"input\"><input class=\"gwolle_gb_3c9e39005baea00519bb3f5ed3c09b92\" value=\"\" type=\"email\" id=\"gwolle_gb_3c9e39005baea00519bb3f5ed3c09b92-1\" name=\"gwolle_gb_3c9e39005baea00519bb3f5ed3c09b92\" \/><\/div>\n\t\t\t\t<div class=\"clearBoth\">&nbsp;<\/div>\n\t\t\t<\/div>\n\t\t\t<div class=\"gwolle_gb_15dadd8e23e3bc89736873de643d73b3\" style=\"display:none;overflow:hidden;\" hidden=\"true\" aria-hidden=\"true\">\n\t\t\t\t<div class=\"label\">\n\t\t\t\t\t<label for=\"gwolle_gb_15dadd8e23e3bc89736873de643d73b3-1\" class=\"text-primary\">Ne touchez pas \u00e0 ceci<\/label>\n\t\t\t\t\t<label for=\"gwolle_gb_2fe864be809e9db594010227262f44e7-1\" class=\"text-primary\">Ne touchez pas \u00e0 ceci<\/label>\n\t\t\t\t<\/div>\n\t\t\t\t<div class=\"input\">\n\t\t\t\t\t<input value=\"7\" type=\"text\" id=\"gwolle_gb_15dadd8e23e3bc89736873de643d73b3-1\" name=\"gwolle_gb_15dadd8e23e3bc89736873de643d73b3\" class=\"gwolle_gb_15dadd8e23e3bc89736873de643d73b3\" style=\"transform: translateY(10000px);\" \/>\n\t\t\t\t\t<input value=\"\" type=\"text\" name=\"gwolle_gb_2fe864be809e9db594010227262f44e7\" id=\"gwolle_gb_2fe864be809e9db594010227262f44e7-1\" class=\"gwolle_gb_2fe864be809e9db594010227262f44e7\" style=\"transform: translateY(10000px);\" \/>\n\t\t\t\t<\/div>\n\t\t\t\t<div class=\"clearBoth\"><\/div>\n\t\t\t<\/div>\n\t\t\t<div class=\"gwolle_gb_e258b55c87caf4e04249b5609775a30f\" style=\"display:none;overflow:hidden;\" hidden=\"true\" aria-hidden=\"true\">\n\t\t\t\t<div class=\"label\">\n\t\t\t\t\t<label for=\"gwolle_gb_e258b55c87caf4e04249b5609775a30f-1\" class=\"text-primary\">Ne touchez pas \u00e0 ceci<\/label>\n\t\t\t\t\t<label for=\"gwolle_gb_bfe078ed4c1f5589ca08b6143f20a0b0-1\" class=\"text-primary\">Ne touchez pas \u00e0 ceci<\/label>\n\t\t\t\t<\/div>\n\t\t\t\t<div class=\"input\">\n\t\t\t\t\t<input value=\"40589\" type=\"text\" id=\"gwolle_gb_e258b55c87caf4e04249b5609775a30f-1\" name=\"gwolle_gb_e258b55c87caf4e04249b5609775a30f\" class=\"gwolle_gb_e258b55c87caf4e04249b5609775a30f\" style=\"transform: translateY(10000px);\" \/>\n\t\t\t\t\t<input value=\"40589\" type=\"text\"id=\"gwolle_gb_bfe078ed4c1f5589ca08b6143f20a0b0-1\" name=\"gwolle_gb_bfe078ed4c1f5589ca08b6143f20a0b0\" class=\"gwolle_gb_bfe078ed4c1f5589ca08b6143f20a0b0\" style=\"transform: translateY(10000px);\" \/>\n\t\t\t\t<\/div>\n\t\t\t\t<div class=\"clearBoth\"><\/div>\n\t\t\t<\/div><div class=\"gwolle_gb_content\">\n\t\t\t\t<div class=\"label\"><label for=\"gwolle_gb_content-1\" class=\"text-info\">Message du livre d\u2019or <span class=\"required\">*<\/span><\/label><\/div>\n\t\t\t\t<div class=\"input\"><textarea id=\"gwolle_gb_content-1\" name=\"gwolle_gb_content\" class=\"gwolle_gb_content wp-exclude-emoji\" required ><\/textarea><\/div>\n\t\t\t\t\t<div class=\"clearBoth\">&nbsp;<\/div>\n\t\t\t\t<\/div>\n\t\t\t\t<div class=\"gwolle_gb_antispam gwolle-gb-antispam\">\n\t\t\t\t\t<div class=\"label\">\n\t\t\t\t\t\t<label for=\"gwolle_gb_22573f3518a9b9553484ae47e5536a60-1\" class=\"text-info\">Question\u00a0: 5+2+1 = <span class=\"required\">*<\/span><\/label>\n\t\t\t\t\t<\/div>\n\t\t\t\t\t<div class=\"input\"><input class=\"gwolle_gb_22573f3518a9b9553484ae47e5536a60\" value=\"\" type=\"text\" id=\"gwolle_gb_22573f3518a9b9553484ae47e5536a60-1\" name=\"gwolle_gb_22573f3518a9b9553484ae47e5536a60\" required \/>\n\t\t\t\t\t\t<\/div>\n\t\t\t\t\t\t<div class=\"clearBoth\">&nbsp;<\/div>\n\t\t\t\t\t<\/div><input type=\"hidden\" class=\"gwolle_gb_e3c5ce8965e900b17dff34f76e298ae8\" id=\"gwolle_gb_e3c5ce8965e900b17dff34f76e298ae8-1\" name=\"gwolle_gb_e3c5ce8965e900b17dff34f76e298ae8\" value=\"82fa73a4d5\" \/>\n\t\t\t<div class=\"gwolle-gb-messages-bottom-container\"><\/div>\n\n\t\t\t<noscript><div class=\"no-js\">Avertissement\u00a0: Ce formulaire ne peut \u00eatre utilis\u00e9 que si JavaScript est activ\u00e9 dans votre navigateur.<\/div><\/noscript>\n\n\t\t\t<div class=\"gwolle_gb_submit gwolle-gb-submit\">\n\t\t\t\t<div class=\"label gwolle-gb-invisible text-muted\">&nbsp;<\/div>\n\t\t\t\t<div class=\"input\">\n\t\t\t\t\t<input type=\"submit\" name=\"gwolle_gb_submit\" class=\"gwolle_gb_submit button btn btn-primary \" value=\"Envoyer\" \/>\n\t\t\t\t\t<span class=\"gwolle_gb_submit_ajax_icon gwolle-gb-submit-ajax-icon\"><\/span>\n\t\t\t\n\t\t\t\t<\/div>\n\t\t\t\t<div class=\"clearBoth\">&nbsp;<\/div>\n\t\t\t<\/div>\n\n\t\t\t<div class=\"gwolle_gb_notice gwolle-gb-notice\">\n\t\t\t\tVotre adresse e-mail ne sera pas publi\u00e9e.<br \/>\r\nLes champs marqu\u00e9s avec un * sont obligatoires.\n\t\t\t<\/div><\/form><div class=\"gwolle-gb-read gwolle-gb-ajax gwolle-gb-entries-list\" data-book_id=\"1\" data-page_id=\"1\">\n\t\t<div id=\"gwolle-gb-total\" class=\"gwolle-gb-total\">5 messages.<\/div><!-- Gwolle-GB Entry: Default Template Loaded -->\n\t\t\t\t<div class=\"gb-entry gb-entry_36 gb-entry-count_1 gwolle-gb-uneven gwolle-gb-first\" id=\"gb-entry_36\" data-entry_id=\"36\">\n\t\t\t\t<article>\n\t\t\t\t\t<div class=\"gb-author-info\">\n\t\t\t\t\t\t<span class=\"gb-author-avatar\"><img referrerpolicy=\"no-referrer\" alt='Carine' src='https:\/\/secure.gravatar.com\/avatar\/e9062a8d835bc58d7daf758d5c5fea0f9b70d5d790f238bc06f4f2358adacc14?s=32&#038;d=mm&#038;r=g' srcset='https:\/\/secure.gravatar.com\/avatar\/e9062a8d835bc58d7daf758d5c5fea0f9b70d5d790f238bc06f4f2358adacc14?s=64&#038;d=mm&#038;r=g 2x' class='avatar avatar-32 photo' height='32' width='32' \/><\/span>\n\t\t\t\t\t\t<span class=\"gb-author-name\">Carine\n\t\t\t\t\t\t<\/span>\n\t\t\t\t\t\t<span class=\"gb-author-origin\">\n\t\t\t\t\t\t\t<span class=\"gb-author-origin-from-text\"> de<\/span>\n\t\t\t\t\t\t\t<span class=\"gb-author-origin-text\"> Cernay<\/span>\n\t\t\t\t\t\t<\/span>\n\t\t\t\t\t\t<span class=\"gb-datetime\">\n\t\t\t\t\t\t\t<span class=\"gb-date\"><span class=\"gb-date-wrote-text\"> a \u00e9crit le<\/span><span class=\"gb-date-text\"> 30 septembre 2023<\/span>\n\t\t\t\t\t\t\t<\/span>\n\t\t\t\t\t\t<\/span> \n\t\t\t\t\t<\/div>\n\t\t\t\t\t<div class=\"gb-entry-content\">J&#039;ai connu Sylvain par le biais d&#039;une amie.<br \/>\r\nJe l&#039;ai consult\u00e9 en urgence et son soin m&#039;a fait beaucoup de bien. J&#039;y suis d&#039;ailleurs retourn\u00e9e par la suite.<br \/>\r\nSylvain est \u00e0 l&#039;\u00e9coute, bienveillant et il prend le temps qu&#039;il faut avec les gens.<br \/>\r\nSes formations sont \u00e9galement top !\n\t\t\t\t\t<\/div>\n\t\t\t\t<\/article>\n\t\t\t<\/div>\n\t\t\t<div class=\"gb-entry gb-entry_33 gb-entry-count_2 gwolle-gb-even\" id=\"gb-entry_33\" data-entry_id=\"33\">\n\t\t\t\t<article>\n\t\t\t\t\t<div class=\"gb-author-info\">\n\t\t\t\t\t\t<span class=\"gb-author-avatar\"><img referrerpolicy=\"no-referrer\" alt='Anna' src='https:\/\/secure.gravatar.com\/avatar\/?s=32&#038;d=mm&#038;r=g' srcset='https:\/\/secure.gravatar.com\/avatar\/?s=64&#038;d=mm&#038;r=g 2x' class='avatar avatar-32 photo avatar-default' height='32' width='32' \/><\/span>\n\t\t\t\t\t\t<span class=\"gb-author-name\">Anna\n\t\t\t\t\t\t<\/span>\n\t\t\t\t\t\t<span class=\"gb-datetime\">\n\t\t\t\t\t\t\t<span class=\"gb-date\"><span class=\"gb-date-wrote-text\"> a \u00e9crit le<\/span><span class=\"gb-date-text\"> 1 juillet 2022<\/span>\n\t\t\t\t\t\t\t<\/span>\n\t\t\t\t\t\t<\/span> \n\t\t\t\t\t<\/div>\n\t\t\t\t\t<div class=\"gb-entry-content\">M. Meyer saura vous aider m\u00eame au del\u00e0 de ce que vous pouvez vous imaginer....je le conseil vivement, il est extraordinaire\n\t\t\t\t\t<\/div>\n\t\t\t\t<\/article>\n\t\t\t<\/div>\n\t\t\t<div class=\"gb-entry gb-entry_31 gb-entry-count_3 gwolle-gb-uneven\" id=\"gb-entry_31\" data-entry_id=\"31\">\n\t\t\t\t<article>\n\t\t\t\t\t<div class=\"gb-author-info\">\n\t\t\t\t\t\t<span class=\"gb-author-avatar\"><img referrerpolicy=\"no-referrer\" alt='Chantal NEFF' src='https:\/\/secure.gravatar.com\/avatar\/be068a7bbd07bcde39213b8b1c55648895d3add4d68bd6a2042708683a32210d?s=32&#038;d=mm&#038;r=g' srcset='https:\/\/secure.gravatar.com\/avatar\/be068a7bbd07bcde39213b8b1c55648895d3add4d68bd6a2042708683a32210d?s=64&#038;d=mm&#038;r=g 2x' class='avatar avatar-32 photo' height='32' width='32' \/><\/span>\n\t\t\t\t\t\t<span class=\"gb-author-name\">Chantal NEFF\n\t\t\t\t\t\t<\/span>\n\t\t\t\t\t\t<span class=\"gb-author-origin\">\n\t\t\t\t\t\t\t<span class=\"gb-author-origin-from-text\"> de<\/span>\n\t\t\t\t\t\t\t<span class=\"gb-author-origin-text\"> ERSTEIN<\/span>\n\t\t\t\t\t\t<\/span>\n\t\t\t\t\t\t<span class=\"gb-datetime\">\n\t\t\t\t\t\t\t<span class=\"gb-date\"><span class=\"gb-date-wrote-text\"> a \u00e9crit le<\/span><span class=\"gb-date-text\"> 13 juin 2019<\/span>\n\t\t\t\t\t\t\t<\/span>\n\t\t\t\t\t\t<\/span> \n\t\t\t\t\t<\/div>\n\t\t\t\t\t<div class=\"gb-entry-content\">Ton nouveau choix de soins \u00e9nerg\u00e9tiques en camping car est original, innovant, toujours aussi agr\u00e9able et efficace.<br \/>\r\nTu est tellement passionn\u00e9 par ton m\u00e9tier, tu transmets toujours de beaux messages de VIE avec g\u00e9n\u00e9rosit\u00e9 et humilit\u00e9.<br \/>\r\nMerci Sylvain d&#039;\u00caTRE qui tu ES!<br \/>\r\nMerci \u00e0 toi pour ta pr\u00e9sence, ton \u00e9coute dans nos vies.<br \/>\r\nA bient\u00f4t <br \/>\r\nChantal\n\t\t\t\t\t<\/div>\n\t\t\t\t<\/article>\n\t\t\t<\/div>\n\t\t\t<div class=\"gb-entry gb-entry_22 gb-entry-count_4 gwolle-gb-even\" id=\"gb-entry_22\" data-entry_id=\"22\">\n\t\t\t\t<article>\n\t\t\t\t\t<div class=\"gb-author-info\">\n\t\t\t\t\t\t<span class=\"gb-author-avatar\"><img referrerpolicy=\"no-referrer\" alt='FERRIN' src='https:\/\/secure.gravatar.com\/avatar\/5cfd64c69438b9fa9102dabec8ed7747587978b25e9337152438f8eb900c1fa7?s=32&#038;d=mm&#038;r=g' srcset='https:\/\/secure.gravatar.com\/avatar\/5cfd64c69438b9fa9102dabec8ed7747587978b25e9337152438f8eb900c1fa7?s=64&#038;d=mm&#038;r=g 2x' class='avatar avatar-32 photo' height='32' width='32' \/><\/span>\n\t\t\t\t\t\t<span class=\"gb-author-name\">FERRIN\n\t\t\t\t\t\t<\/span>\n\t\t\t\t\t\t<span class=\"gb-author-origin\">\n\t\t\t\t\t\t\t<span class=\"gb-author-origin-from-text\"> de<\/span>\n\t\t\t\t\t\t\t<span class=\"gb-author-origin-text\"> Golbey<\/span>\n\t\t\t\t\t\t<\/span>\n\t\t\t\t\t\t<span class=\"gb-datetime\">\n\t\t\t\t\t\t\t<span class=\"gb-date\"><span class=\"gb-date-wrote-text\"> a \u00e9crit le<\/span><span class=\"gb-date-text\"> 7 janvier 2019<\/span>\n\t\t\t\t\t\t\t<\/span>\n\t\t\t\t\t\t<\/span> \n\t\t\t\t\t<\/div>\n\t\t\t\t\t<div class=\"gb-entry-content\">Meilleurs voeux 2019 Monsieur Meyer, que votre bont\u00e9 vous soit retourn\u00e9e.\n\t\t\t\t\t<\/div>\n\t\t\t\t<\/article>\n\t\t\t<\/div>\n\t\t\t<div class=\"gb-entry gb-entry_21 gb-entry-count_5 gwolle-gb-uneven\" id=\"gb-entry_21\" data-entry_id=\"21\">\n\t\t\t\t<article>\n\t\t\t\t\t<div class=\"gb-author-info\">\n\t\t\t\t\t\t<span class=\"gb-author-avatar\"><img referrerpolicy=\"no-referrer\" alt='Sylvain MEYER' src='https:\/\/secure.gravatar.com\/avatar\/10c66051a8da7f598c9a486859b4fba4d132b22be58f2490180f78b8c39bc5d2?s=32&#038;d=mm&#038;r=g' srcset='https:\/\/secure.gravatar.com\/avatar\/10c66051a8da7f598c9a486859b4fba4d132b22be58f2490180f78b8c39bc5d2?s=64&#038;d=mm&#038;r=g 2x' class='avatar avatar-32 photo' height='32' width='32' \/><\/span>\n\t\t\t\t\t\t<span class=\"gb-author-name\"><i class=\"gb-moderator\">Sylvain MEYER<\/i>\n\t\t\t\t\t\t<\/span>\n\t\t\t\t\t\t<span class=\"gb-datetime\">\n\t\t\t\t\t\t\t<span class=\"gb-date\"><span class=\"gb-date-wrote-text\"> a \u00e9crit le<\/span><span class=\"gb-date-text\"> 23 septembre 2018<\/span>\n\t\t\t\t\t\t\t<\/span>\n\t\t\t\t\t\t<\/span> \n\t\t\t\t\t<\/div>\n\t\t\t\t\t<div class=\"gb-entry-content\">Extraits du livre d&#039;or de l&#039;ancien site<br \/>\r\n<br \/>\r\nMicka\u00ebl<br \/>\r\nUne belle rencontre avec un homme souriant, passionn\u00e9 et qui partage avec g\u00e9n\u00e9rosit\u00e9, que les pierres soient avec toi.<br \/>\r\n16\/07\/2018<br \/>\r\n<br \/>\r\nAur\u00e9lie<br \/>\r\nSacr\u00e9 WE ! Formation tr\u00e8s enrichissante, avec des personnes &#034;inconnues&#034; (au d\u00e9part) mais qui me connaissent mieux que ma famille et mes amis au bout de 2 jours \ud83d\ude09 Ambiance douce et agr\u00e9able, avec des personnes qui vous comprennent dans votre d\u00e9marche.<br \/>\r\n01\/05\/2016<br \/>\r\n<br \/>\r\nEddy<br \/>\r\nTr\u00e8s bonne journ\u00e9e de d\u00e9couverte \u00e9nerg\u00e9tique, accompagn\u00e9 des enseignements d&#039;un \u00e9nerg\u00e9ticien fantastique, Merci sylvain a bient\u00f4t pour la suite<br \/>\r\n06\/10\/2014<br \/>\r\n<br \/>\r\nFlorence<br \/>\r\nBelle journ\u00e9e ou l\u2019on comprend bcp de choses. merci Sylvain vous \u00eates une personne pure qui ce fond rare. A bient\u00f4t<br \/>\r\n02\/04\/2014<br \/>\r\n<br \/>\r\nMLP<br \/>\r\nSylvain n&#039;est pas seulement un \u00e9nerg\u00e9ticien exceptionnel, c&#039;est \u00e9galement un &#034;Accoucheur d&#039;Ame&#034;... Je conseille cette belle rencontre \u00e0 tous ceux et celles qui sont en recherche... Merci Sylvain pour ta disponibilit\u00e9 et ta Pr\u00e9sence...<br \/>\r\n11\/12\/2013<br \/>\r\n<br \/>\r\nEddy<br \/>\r\nToujours un tr\u00e8s bon souvenir de mes stages de radiesth\u00e9sie. La pratique me montre la justesse de mon enseignement avec Sylvain.<br \/>\r\n23\/11\/2013<br \/>\r\n<br \/>\r\nChristine<br \/>\r\nTr\u00e8s heureuse de mon rendez-vous pour un soin dans un lieu magnifique o\u00f9 l&#039;on se sent bien... merci d&#039;avoir pris le temps d&#039;\u00eatre \u00e0 l&#039;\u00e9coute et \u00e0 bient\u00f4t pour les stages.<br \/>\r\n31\/07\/2012<br \/>\r\n<br \/>\r\nCarmen<br \/>\r\nHeureuse d&#039;avoir de bonnes nouvelles ! Je pense qu&#039;on se reverra dans ce nouveau cadre de vie et de travail o\u00f9 je te souhaite bien \u00eatre et r\u00e9ussite<br \/>\r\n19\/08\/2011<br \/>\r\n<br \/>\r\nNicolas<br \/>\r\nC&#039;est toujours plaisant et tr\u00e8s enrichissant de faire les stages en ta compagnie. Merci pour ce bel enseignement. A tr\u00e8s bient\u00f4t, je l&#039;esp\u00e8re et avec beaucoup de plaisir.<br \/>\r\n05\/07\/2010<br \/>\r\n<br \/>\r\nSandra<br \/>\r\nUn grand merci, pour m&#039;avoir lib\u00e9r\u00e9 de tout ce qui me faisait stagner, de ces angoisses, depuis mon passage chez vous, je me sens revivre, plus forte, j\u2019ai regagn\u00e9 \u00e9norm\u00e9ment de confiance en moi, merci de prendre le temps d&#039;\u00eatre \u00e0 l&#039;\u00e9coute...merci pour tout...<br \/>\r\n17\/03\/2010<br \/>\r\n<br \/>\r\nClaudia<br \/>\r\nSuite au conseil d\u2019une amie j\u2019ai rencontr\u00e9 Sylvain il m\u2019a permis d\u2019avancer et de donner un grand coup de pied \u00e0 ma vie je me suis sentie forte et je ne voyais que devant moi je ne regardais plus derri\u00e8re mois merci Sylvain<br \/>\r\n02\/03\/2010<br \/>\r\n<br \/>\r\nSt\u00e9phanie<br \/>\r\nSuper sympa ce samedi pour la vente de min\u00e9raux et merci pour les conseils et suis heureuse d&#039;avoir enfin rencontr\u00e9 Anne -Marie un petit peu avec qui j&#039;irais bient\u00f4t faire des mandalas et de la cuisine quand je peut car elle semble tr\u00e8s gentille<br \/>\r\n29\/11\/2009<br \/>\r\n<br \/>\r\nRapha\u00ebl<br \/>\r\nTr\u00e8s bonne id\u00e9e, les &#034;avoirs&#034; pour les cadeaux de No\u00ebl ! C&#039;est fou : c&#039;est la boutique la moins ch\u00e8re qui fait les plus belles offres ! Au plaisir de vous revoir rapidement...<br \/>\r\n31\/10\/2009<br \/>\r\n<br \/>\r\nSt\u00e9phanie<br \/>\r\nSite tr\u00e8s agr\u00e9able, tout va mieux dans ma vie depuis que je viens pour les soins, essayez c&#039;est adopter bises<br \/>\r\n<br \/>\r\n31\/10\/2009<br \/>\r\nFran\u00e7oise<br \/>\r\nMerci \u00e0 vous deux. Le travail sur moi-m\u00eame est sans doute long mais je sens apr\u00e8s chaque s\u00e9ance de petits changements positifs. Merci d&#039;\u00eatre l\u00e0 \u00e0 mon \u00e9coute.<br \/>\r\n31\/10\/2009<br \/>\r\n<br \/>\r\nAude<br \/>\r\nMerci \u00e0 Sylvain, d&#039;\u00eatre toujours pr\u00e9sent pour moi lorsque j&#039;en ai besoin. Ce sont des personnes formidables, toujours \u00e0 l&#039;\u00e9coute. Le site est super et est un r\u00e9el moyen de communication. Bises. Aude<br \/>\r\n13\/10\/2009<br \/>\r\n<br \/>\r\nLaurence Denis et Jacopo d&#039;Italie<br \/>\r\nCoucou \u00e0 vous. Ne manquerons pas de venir faire un petit coucou lors de prochain passage en Alsace (novembre). Si j&#039;arrive \u00e0 faire niveau 4 soins \u00e9nerg\u00e9tiques, encore mieux ! Bises<br \/>\r\n14\/06\/2009<br \/>\r\n<br \/>\r\nC\u00e9line<br \/>\r\nF\u00e9lix le chat va mieux, il vous remercie et moi par la m\u00eame occasion.<br \/>\r\n04\/04\/2009<br \/>\r\n<br \/>\r\nJean-Luc FLECK<br \/>\r\nBonjour \u00e0 tous, merci pour la journ\u00e9e d&#039;initiation d&#039;hier (Radiesth\u00e9sie - G\u00e9obiologie et Min\u00e9raux Sant\u00e9)<br \/>\r\n15\/03\/2009\n\t\t\t\t\t<\/div>\n\t\t\t\t<\/article>\n\t\t\t<\/div>\n\t\t\t<\/div><\/div>\n<p>&nbsp;<\/p>\n","protected":false},"excerpt":{"rendered":"<p>&nbsp;<\/p>\n","protected":false},"author":2,"featured_media":0,"parent":0,"menu_order":85,"comment_status":"closed","ping_status":"closed","template":"","meta":{"footnotes":""},"class_list":["post-592","page","type-page","status-publish","hentry"],"_links":{"self":[{"href":"https:\/\/eveil-sylvainmeyer.fr\/index.php\/wp-json\/wp\/v2\/pages\/592","targetHints":{"allow":["GET"]}}],"collection":[{"href":"https:\/\/eveil-sylvainmeyer.fr\/index.php\/wp-json\/wp\/v2\/pages"}],"about":[{"href":"https:\/\/eveil-sylvainmeyer.fr\/index.php\/wp-json\/wp\/v2\/types\/page"}],"author":[{"embeddable":true,"href":"https:\/\/eveil-sylvainmeyer.fr\/index.php\/wp-json\/wp\/v2\/users\/2"}],"replies":[{"embeddable":true,"href":"https:\/\/eveil-sylvainmeyer.fr\/index.php\/wp-json\/wp\/v2\/comments?post=592"}],"version-history":[{"count":5,"href":"https:\/\/eveil-sylvainmeyer.fr\/index.php\/wp-json\/wp\/v2\/pages\/592\/revisions"}],"predecessor-version":[{"id":2717,"href":"https:\/\/eveil-sylvainmeyer.fr\/index.php\/wp-json\/wp\/v2\/pages\/592\/revisions\/2717"}],"wp:attachment":[{"href":"https:\/\/eveil-sylvainmeyer.fr\/index.php\/wp-json\/wp\/v2\/media?parent=592"}],"curies":[{"name":"wp","href":"https:\/\/api.w.org\/{rel}","templated":true}]}}